{"id":401,"date":"2024-09-04T11:15:02","date_gmt":"2024-09-04T11:15:02","guid":{"rendered":"https:\/\/bdrcyber.com\/?page_id=401"},"modified":"2024-09-04T11:15:02","modified_gmt":"2024-09-04T11:15:02","slug":"aviso-legal","status":"publish","type":"page","link":"https:\/\/bdrcyber.com\/?page_id=401","title":{"rendered":"Aviso Legal"},"content":{"rendered":"<p>[et_pb_section fb_built=\u00bb1&#8243; _builder_version=\u00bb4.27.0&#8243; _module_preset=\u00bbdefault\u00bb background_color=\u00bbRGBA(255,255,255,0)\u00bb background_image=\u00bbhttps:\/\/bdrcyber.com\/wp-content\/uploads\/2024\/08\/financial-technology-31c-300&#215;135-1-e1724656231504.jpg\u00bb custom_padding=\u00bb26px|||||\u00bb global_colors_info=\u00bb{}\u00bb][et_pb_row _builder_version=\u00bb4.27.0&#8243; _module_preset=\u00bbdefault\u00bb custom_padding=\u00bb22px||0px|||\u00bb global_colors_info=\u00bb{}\u00bb][et_pb_column type=\u00bb4_4&#8243; _builder_version=\u00bb4.27.0&#8243; _module_preset=\u00bbdefault\u00bb global_colors_info=\u00bb{}\u00bb][et_pb_text _builder_version=\u00bb4.27.0&#8243; _module_preset=\u00bbdefault\u00bb global_colors_info=\u00bb{}\u00bb]<\/p>\n<section class=\"s_title o_colored_level o_cc o_cc1 pb24 pt24\" data-vcss=\"001\" data-snippet=\"s_title\" data-name=\"Title\">\n<div class=\"container s_allow_columns\">\n<h1><span style=\"color: #ffffff;\">T\u00c9RMINOS Y PRIVACIDAD<\/span><\/h1>\n<\/div>\n<\/section>\n<section class=\"s_text_block pt40 pb40 o_colored_level\" data-snippet=\"s_text_block\" data-name=\"Text\"><\/section>\n<p>[\/et_pb_text][\/et_pb_column][\/et_pb_row][et_pb_row _builder_version=\u00bb4.27.0&#8243; _module_preset=\u00bbdefault\u00bb custom_margin=\u00bb|auto||338px||\u00bb custom_padding=\u00bb24px|||||\u00bb hover_enabled=\u00bb0&#8243; global_colors_info=\u00bb{}\u00bb sticky_enabled=\u00bb0&#8243;][et_pb_column type=\u00bb4_4&#8243; _builder_version=\u00bb4.27.0&#8243; _module_preset=\u00bbdefault\u00bb global_colors_info=\u00bb{}\u00bb][et_pb_text _builder_version=\u00bb4.27.0&#8243; _module_preset=\u00bbdefault\u00bb]<\/p>\n<section class=\"s_text_block pt40 pb40 o_colored_level\" data-snippet=\"s_text_block\" data-name=\"Text\">\n<div class=\"s_allow_columns container\">\n<p><span style=\"color: #ffffff;\"><a href=\"https:\/\/bdrinformatica.com\/terminos-y-privacidad#I-Aviso-Legal\" style=\"color: #ffffff;\">I Aviso Legal<\/a><\/span><br \/><span style=\"color: #ffffff;\"><a href=\"https:\/\/bdrinformatica.com\/terminos-y-privacidad#II.-POL%C3%8DTICA-DE-PRIVACIDAD-(PROTECCI%C3%93N-DE-DATOS-DE-CAR%C3%81CTER-PERSONAL)\" style=\"color: #ffffff;\">II Pol\u00edtica de Privacidad<\/a><\/span><br \/><span style=\"color: #ffffff;\"><a href=\"https:\/\/bdrinformatica.com\/terminos-y-privacidad#III.-Cookies-utilizadas\" style=\"color: #ffffff;\">III Pol\u00edtica de Cookies<\/a><\/span><\/p>\n<\/div>\n<\/section>\n<section class=\"s_text_block pt40 pb40 o_colored_level\" data-snippet=\"s_text_block\" data-name=\"Text\" id=\"I-Aviso-Legal\" data-anchor=\"true\">\n<div class=\"s_allow_columns container\">\n<h3><span style=\"color: #ffffff;\">I\u00a0Aviso Legal<\/span><\/h3>\n<p><span style=\"color: #ffffff;\">La informaci\u00f3n que se muestra a continuaci\u00f3n recoge la normativa de tratamiento de los datos personales y la protecci\u00f3n de la intimidad en el sector de las comunicaciones electr\u00f3nicas, que se pone en su conocimiento:\u00a0<\/span><br \/><span style=\"color: #ffffff;\">Bdr Inform\u00e1tica y Comunicaciones S.L.U &amp;\u00a0BDR INFORMATICA Y COMUNICACIONES, SL\u00a0[en adelante BDR], gestora y encargada del funcionamiento de los contenidos del presente portal Web, domiciliada en: c\/ Baixada del Moli, 20 1-1 \u2013 AD500 ANDORRA LA VELLA (ANDORRA), NRT L-707599-R, con el Registro de Comercio numero 920400X &amp;\u00a0Paseig Zona Franca 169-171, 8\u00ba 1\u00aa 08038 Barcelona (Espa\u00f1a) con el Registro de Comercio numero B61678207. Contacto: la direcci\u00f3n mencionada o el correo electr\u00f3nico info@bdrinformatica.com.\u00a0<\/span><br \/><span style=\"color: #ffffff;\">El contenido del portal Web www.bdrinformatica.com constituye un sistema de informaci\u00f3n de los diversos servicios de consultor\u00eda que ofrece, a fin de mantener contacto con usted y enviarle informaci\u00f3n m\u00e1s detallada, seg\u00fan lo previsto en el presente aviso legal y el resto de textos legales del presente Sitio Web.<\/span><\/p>\n<h4><span style=\"color: #ffffff;\">USUARIO<\/span><\/h4>\n<p><span style=\"color: #ffffff;\">La utilizaci\u00f3n del presente Sitio Web y sus contenidos le atribuye la condici\u00f3n de Usuario, e implica que ha le\u00eddo y acepta, sin reserva alguna, todas y cada una de las disposiciones incluidas en este Aviso Legal, en la versi\u00f3n publicada por BDR, que en cada momento se encuentren vigentes en la Web.<\/span><br \/><span style=\"color: #ffffff;\">BDR se reserva el derecho de modificar, a\u00f1adir o eliminar parte o partes del presente Aviso Legal, en cualquier momento y sin previa notificaci\u00f3n. En consecuencia, se recomienda que el Usuario lea atentamente el presente Aviso Legal en cada una de las ocasiones en las que se proponga utilizar la Web.<\/span><\/p>\n<h4><span style=\"color: #ffffff;\">INFORMACI\u00d3N SOBRE LOS V\u00cdNCULOS \u201cLINKS\u201d<\/span><\/h4>\n<p><span style=\"color: #ffffff;\">BDR no ser\u00e1 responsable de las webs no propias o de terceros, a las que se pueda acceder mediante v\u00ednculos \u201clinks\u201d, as\u00ed como de ning\u00fan otro contenido puesto a disposici\u00f3n por terceros. Cualquier uso de un v\u00ednculo o acceso a una Web no propia se considera efectuado por voluntad y riesgo exclusivo del usuario y BDR no recomienda ni garantiza informaci\u00f3n obtenida a trav\u00e9s de un v\u00ednculo ajeno a la Web de bdrinformatica.com, ni se responsabiliza de ning\u00fan perjuicio derivado del uso de un v\u00ednculo, o de la informaci\u00f3n obtenida a trav\u00e9s de \u00e9l, incluyendo otros v\u00ednculos o webs, ni de la interrupci\u00f3n en el servicio o en el acceso de estos terceros v\u00ednculos.<\/span><\/p>\n<h4><span style=\"color: #ffffff;\">MODIFICACIONES DEL PORTAL WEB<\/span><\/h4>\n<p><span style=\"color: #ffffff;\">La informaci\u00f3n y servicios contenidos en el portal Web pueden presentar incorrecciones o errores tipogr\u00e1ficos. BDR puede introducir en cualquier momento mejoras y\/o cambios en el referido contenido.<\/span><\/p>\n<h4><span style=\"color: #ffffff;\">EXENCI\u00d3N DE RESPONSABILIDAD DERIVADA DE UN FALLO T\u00c9CNICO Y DE CONTENIDO<\/span><\/h4>\n<p><span style=\"color: #ffffff;\">BDR declina toda responsabilidad en caso de que se produzcan interrupciones o mal funcionamiento de los servicios o contenidos ofrecidos en Internet, cualquiera que sea su causa. Asimismo, BDR no ser\u00e1 responsable por ca\u00eddas de la red o suspensiones temporales del fluido el\u00e9ctrico o de cualquier otro tipo, as\u00ed como de las posibles p\u00e9rdidas de negocio fruto de estas incidencias.\u00a0<\/span><br \/><span style=\"color: #ffffff;\">BDR no garantiza que los servicios o contenidos no sean interrumpidos o est\u00e9n libres de errores, que los defectos sean corregidos, o que el servicio o servidor que lo pone a disposici\u00f3n est\u00e9n libres de virus u otros componentes nocivos, sin perjuicio de que BDR realiza sus mejores esfuerzos para evitar todo percance. Se recomienda la comprobaci\u00f3n de la informaci\u00f3n recibida con otras fuentes.<\/span><\/p>\n<h4><span style=\"color: #ffffff;\">POL\u00cdTICA DE PROPIEDAD INTELECTUAL E INDUSTRIAL<\/span><\/h4>\n<p><span style=\"color: #ffffff;\">El c\u00f3digo fuente, los dise\u00f1os gr\u00e1ficos, las im\u00e1genes, las fotograf\u00edas, el software, los textos, as\u00ed como la informaci\u00f3n y el resto de contenidos recogidos en www.bdrinformatica.com est\u00e1n protegidos por la legislaci\u00f3n andorrana en materia de derechos de propiedad intelectual e industrial, y no se permite la reproducci\u00f3n total o parcial de esta Web, ni su tratamiento inform\u00e1tico, comunicaci\u00f3n p\u00fablica, distribuci\u00f3n, difusi\u00f3n, modificaci\u00f3n, transformaci\u00f3n o descompilaci\u00f3n, sin el permiso previo y por escrito de su titular, de conformidad con lo dispuesto en la Ley de Propiedad Intelectual.<\/span><br \/><span style=\"color: #ffffff;\">El usuario, \u00fanica y exclusivamente podr\u00e1 utilizar el material que aparece en esta Web para su uso personal y privado, quedando prohibida su utilizaci\u00f3n con fines comerciales o lucrativos.<\/span><br \/><span style=\"color: #ffffff;\">Salvo autorizaci\u00f3n expresa de BDR, no est\u00e1 permitido el enlace a \u201cp\u00e1ginas finales\u201d, el \u201cframe\u201d ni cualquier otra manipulaci\u00f3n similar. Los enlaces deben estar siempre en la p\u00e1gina principal o \u201chome page\u201d bdrinformatica.com.<\/span><br \/><span style=\"color: #ffffff;\">Todos los derechos derivados de la Propiedad Intelectual est\u00e1n expresamente reservados por BDR.<\/span><br \/><span style=\"color: #ffffff;\">\u201cBDR\u201d velar\u00e1 por el cumplimiento de las anteriores estipulaciones y por la debida utilizaci\u00f3n de los contenidos presentes en su portal, ejerciendo todas las acciones civiles y penales que le asistan en el caso de infracci\u00f3n o incumplimiento de estos derechos por parte del usuario.<\/span><br \/><span style=\"color: #ffffff;\">Cualquier incidencia, sugerencia o reclamaci\u00f3n respecto a derechos de propiedad intelectual debe remitirse a trav\u00e9s del correo electr\u00f3nico info@bdrinformatica.com.<\/span><br \/><span style=\"color: #ffffff;\">Los signos distintivos (marcas, nombres comerciales) de BDR, est\u00e1n igualmente protegidos por derechos de propiedad industrial, quedando prohibida la utilizaci\u00f3n o manipulaci\u00f3n de cualesquiera de \u00e9stos, salvo autorizaci\u00f3n expresa y por escrito de<\/span><\/p>\n<\/div>\n<\/section>\n<section class=\"s_text_block pt40 pb40 o_colored_level\" data-snippet=\"s_text_block\" data-name=\"Text\" id=\"II.-POL%C3%8DTICA-DE-PRIVACIDAD-(PROTECCI%C3%93N-DE-DATOS-DE-CAR%C3%81CTER-PERSONAL)\" data-anchor=\"true\">\n<div class=\"s_allow_columns container\">\n<h3><span style=\"color: #ffffff;\">II.\u00a0 POL\u00cdTICA DE PRIVACIDAD (PROTECCI\u00d3N DE DATOS DE CAR\u00c1CTER PERSONAL)<\/span><\/h3>\n<p><span style=\"color: #ffffff;\">El acceso a la p\u00e1gina Web o su uso no implica una recogida de datos personales del usuario por parte de BDR. No obstante, se comunica que, en caso de que \u201cBDR\u201d solicite datos personales, se informar\u00e1 debidamente al usuario conforme a la legislaci\u00f3n vigente en materia de Protecci\u00f3n de Datos y dem\u00e1s normativa que resulte de aplicaci\u00f3n.\u00a0<\/span><\/p>\n<p><span style=\"color: #ffffff;\">Los Datos Personales que recoge \u201cBDR\u201d en los diferentes tipos de formulario ser\u00e1n tratados con la finalidad de dar respuesta a la solicitud realizada por el interesado, as\u00ed como para el mantenimiento de la relaci\u00f3n que en su caso se establezca y la gesti\u00f3n, administraci\u00f3n, informaci\u00f3n, prestaci\u00f3n y mejora de los servicios que decida contratar.<\/span><br \/><span style=\"color: #ffffff;\">De conformidad con el Reglamento 2016\/679, del Parlamento Europeo y del Consejo, de 27 de abril de 2016, relativo a la protecci\u00f3n de las personas f\u00edsicas en lo que se refiere al tratamiento de datos personales ya la libre circulaci\u00f3n de estos datos y la Ley calificada 15\/2003 de Protecci\u00f3n de Datos Personales (LQPD) y del Reglamento de la Agencia Andorrana de Protecci\u00f3n de Datos (RAAPD) que desarrolla la LQPD, se informa que por medio de los datos personales facilitados a trav\u00e9s de los formularios de contacto , as\u00ed como su direcci\u00f3n de correo electr\u00f3nico, el interesado presta su consentimiento para que los datos de car\u00e1cter personal suministrados sean incorporados a un tratamiento titularidad de BDR, con domicilio social en C\/ Baixada del Mol\u00ed, 20, 1-1, AD500 ANDORRA LA VIEJA (ANDORRA), NRT L-707599-R, con el Registro de Comercio numero 920400X &amp; BDR INFORMATICA Y COMUNICACIONES, SL Paseig Zona Franca 169-171, 8\u00ba 1\u00aa 08038 Barcelona (Espa\u00f1a) con el Registro de Comercio numero B61678207, siendo encargada de la gesti\u00f3n y funcionamiento del sitio Web mencionado.<\/span><br \/><span style=\"color: #ffffff;\">BDR ha tomado las medidas de \u00edndole t\u00e9cnica y organizativa necesarias para garantizar la seguridad de los datos y evitar su alteraci\u00f3n, p\u00e9rdida, tratamiento o acceso no autorizado, teniendo en cuenta el estado de la tecnolog\u00eda, la naturaleza de los datos almacenados y los riesgos a los que se encuentran expuestas, ya provengan de la acci\u00f3n humana o del medio f\u00edsico o natural.\u00a0<\/span><\/p>\n<p><span style=\"color: #ffffff;\">Se informa que los datos pueden ser utilizados por el env\u00edo de comunicaciones profesionales, por cualquier medio, relativos a otros servicios de nuestra empresa que puedan ser de su inter\u00e9s. Si bien podr\u00e1 en cualquier momento oponerse a este tipo de env\u00edos, enviando un correo electr\u00f3nico a la direcci\u00f3n info@bdrinformatica.com, indicando en el asunto \u201cBAJA DE LA LISTA DE DISTRIBUCI\u00d3N\u201d.\u00a0<\/span><\/p>\n<p><span style=\"color: #ffffff;\">Asimismo, podr\u00e1 ejercer sus derechos de acceso, rectificaci\u00f3n, cancelaci\u00f3n, oposici\u00f3n y en su caso, portabilidad y limitaci\u00f3n, enviando un escrito a la siguiente direcci\u00f3n: C\/ Baixada del Mol\u00ed, 20, 1-1, AD500 ANDORRA LA VELLA (ANDORRA) o bien un correo electr\u00f3nico a info@bdrinformatica.com, a ambos acompa\u00f1ado de una fotocopia de su DNI o documento acreditativo equivalente e indicando en el asunto \u201cPROTECCI\u00d3N DE DATOS\u201d.<\/span><\/p>\n<p><span style=\"color: #ffffff;\">Estos derechos tienen car\u00e1cter \u00abpersonal\u00edsimo\u00bb, por lo que \u00fanicamente podr\u00e1n ser ejercitados por el propio interesado, o su representante legal, previa acreditaci\u00f3n de su identidad, o en su caso, de la suficiencia de la representaci\u00f3n.<\/span><\/p>\n<ul>\n<li><span style=\"color: #ffffff;\">El derecho de acceso se podr\u00e1 ejercitar con periodicidad anual, salvo inter\u00e9s leg\u00edtimo acreditado.<\/span><\/li>\n<\/ul>\n<p><span style=\"color: #ffffff;\">\u00a0<\/span><\/p>\n<p><span style=\"color: #ffffff;\">BDR proceder\u00e1 a notificar su decisi\u00f3n en el plazo de un mes Si fuese en sentido afirmativo, el interesado podr\u00e1 acceder a la referida informaci\u00f3n en el plazo de los 10 d\u00edas siguientes a su notificaci\u00f3n.<\/span><\/p>\n<ul>\n<li><span style=\"color: #ffffff;\">El derecho de rectificaci\u00f3n y cancelaci\u00f3n podr\u00e1n ser ejercitados siempre que el interesado considere que los datos recogidos en nuestros tratamientos son inexactos, incumplidos, inadecuados o excesivos. BDR proceder\u00e1 a la rectificaci\u00f3n o cancelaci\u00f3n dentro de los 10 d\u00edas siguientes al de la recepci\u00f3n de la solicitud.<\/span><\/li>\n<li><span style=\"color: #ffffff;\">El derecho de portabilidad podr\u00e1 ser ejercitado siempre que el interesado considere que los datos recogidos en el presente tratamiento deben ser devueltos a su titular, o bien a otro tercero encargado de dicho tratamiento.<\/span><\/li>\n<li><span style=\"color: #ffffff;\">El derecho de limitaci\u00f3n podr\u00e1 ser ejercitado, previamente al derecho de oposici\u00f3n al tratamiento de sus datos, y mientras no se resuelva ese derecho de oposici\u00f3n, limit\u00e1ndose el tratamiento de los datos.<\/span><\/li>\n<\/ul>\n<h4><span style=\"color: #ffffff;\">Otros encargados del Tratamiento<\/span><\/h4>\n<p><span style=\"color: #ffffff;\">En caso de que hubiera necesidad de que terceros accedan a este tratamiento de datos, se suscribir\u00e1 el correspondiente contrato conforme a lo estipulado en el art\u00edculo 28 RGPDUE. Se firmar\u00e1 este contrato en los t\u00e9rminos que marca el citado art\u00edculo, regul\u00e1ndose contractualmente el uso y confidencialidad de los datos personales por el nuevo encargado del tratamiento.<\/span><\/p>\n<h4><span style=\"color: #ffffff;\">Cambio de Normativa<\/span><\/h4>\n<p><span style=\"color: #ffffff;\">BDR se reserva el derecho de modificar la presente pol\u00edtica con el objeto de adaptarla a las novedades legislativas o jurisprudenciales, as\u00ed como las directrices que pudieran derivarse de \u201cc\u00f3digos tipos\u201d existentes en la materia. Tales cambios ser\u00e1n comunicados con la antelaci\u00f3n que sea necesaria en nuestra p\u00e1gina Web, sin perjuicio de reclamar el consentimiento necesario de los afectados cuando \u00e9ste no se considerase otorgado conforme a los t\u00e9rminos de la presente pol\u00edtica.<\/span><\/p>\n<p><span style=\"color: #ffffff;\">Cualquier duda, pregunta o comentarios que pudiera albergar en referencia a la presente normativa, no dude en consultarlas dirigiendo su comunicaci\u00f3n al respecto en: info@bdrinformatica.com.<\/span><\/p>\n<p><span style=\"color: #ffffff;\">Se utilizan por las siguientes razones:<\/span><\/p>\n<ul>\n<li><span style=\"color: #ffffff;\">Asegurar que las p\u00e1ginas web puedan funcionar correctamente.<\/span><\/li>\n<li><span style=\"color: #ffffff;\">Almacenar las preferencias, como el idioma o el tama\u00f1o de la letra.<\/span><\/li>\n<li><span style=\"color: #ffffff;\">Conocer la experiencia de navegaci\u00f3n del usuario.<\/span><\/li>\n<li><span style=\"color: #ffffff;\">Recopilar informaci\u00f3n estad\u00edstica an\u00f3nima, como qu\u00e9 p\u00e1ginas ha visitado el usuario o cu\u00e1nto tiempo ha estado en el sitio web.<\/span><\/li>\n<\/ul>\n<p><span style=\"color: #ffffff;\">El uso de Cookies permite optimizar la navegaci\u00f3n, adaptando la informaci\u00f3n y los servicios ofrecidos a los intereses de los usuarios, para proporcionarle una mejor experiencia siempre que visite el sitio web.<\/span><\/p>\n<h4><span style=\"color: #ffffff;\">Tipolog\u00eda, finalidad y funcionamiento<\/span><\/h4>\n<p><span style=\"color: #ffffff;\">Las cookies en funci\u00f3n de su permanencia, pueden dividirse en cookies de sesi\u00f3n o permanentes. Las primeras expiran cuando el usuario cierra el navegador. Las segundas expiran cuando se cumple el objetivo para lo que sirven o cuando se borran manualmente.<\/span><\/p>\n<p><span style=\"color: #ffffff;\">En funci\u00f3n de su objetivo, las Cookies tambi\u00e9n son clasificadas de la siguiente forma:<\/span><\/p>\n<ul>\n<li><span style=\"color: #ffffff;\">T\u00e9cnicas: son aquellas imprescindibles para el correcto funcionamiento de la p\u00e1gina. Normalmente se generan cuando el usuario accede al sitio web o inicia sesi\u00f3n en el mismo y se utilizan para identificar en el sitio web con los siguientes objetivos:<\/span><\/li>\n<li><span style=\"color: #ffffff;\">Mantienen al usuario identificado de forma que si abandona el sitio web y en otro momento vuelve a acceder al mismo sitio web, seguir\u00e1 identificado, facilitando as\u00ed su navegaci\u00f3n sin tener que volver a identificarse.<\/span><\/li>\n<li><span style=\"color: #ffffff;\">Aseg\u00farese de que el usuario est\u00e1 autorizado para acceder a ciertos servicios o zonas del sitio web.<\/span><\/li>\n<li><span style=\"color: #ffffff;\">De rendimiento: Se utilizan para mejorar la navegaci\u00f3n y optimizar el funcionamiento del sitio web.<\/span><\/li>\n<li><span style=\"color: #ffffff;\">De publicidad: Son aqu\u00e9llas que recogen informaci\u00f3n sobre los anuncios mostrados a los usuarios del sitio web. Pueden ser de dos tipos:<\/span><\/li>\n<li><span style=\"color: #ffffff;\">An\u00f3nimas: S\u00f3lo recopilan informaci\u00f3n sobre los espacios publicitarios mostrados en el sitio web, con independencia del usuario que accede al sitio web.<\/span><\/li>\n<li><span style=\"color: #ffffff;\">Personalizadas: Recopilan informaci\u00f3n personal del usuario del sitio web por parte de un tercero para la personalizaci\u00f3n de estos espacios publicitarios.<\/span><\/li>\n<li><span style=\"color: #ffffff;\">De geo-localizaci\u00f3n: se utilizan para averiguar en qu\u00e9 pa\u00eds o regi\u00f3n se encuentra el usuario cuando accede a un servicio del sitio web para ofrecerle contenidos o servicios adecuados a su localizaci\u00f3n.<\/span><\/li>\n<\/ul>\n<\/div>\n<\/section>\n<section class=\"s_text_block pt40 pb40 o_colored_level\" data-snippet=\"s_text_block\" data-name=\"Text\" id=\"III.-Cookies-utilizadas\" data-anchor=\"true\">\n<div class=\"s_allow_columns container\">\n<h3><span style=\"color: #ffffff;\">III.\u00a0 Cookies utilizadas<\/span><\/h3>\n<p><span style=\"color: #ffffff;\">Las cookies utilizadas en este sitio web son las siguientes, de conformidad con un criterio de \u201cnivel de intrusividad\u201d de una escala del 1 al 3:<\/span><\/p>\n<ul>\n<li><span style=\"color: #ffffff;\">Nivel 1: Cookies estrictamente necesarias para la prestaci\u00f3n del mismo servicio solicitado por el usuario.<\/span><\/li>\n<li><span style=\"color: #ffffff;\">Nivel 2: Cookies de rendimiento (an\u00f3nimas) necesarias para el mantenimiento de contenidos y navegaci\u00f3n, de las que s\u00f3lo es necesario informar sobre su existencia.<\/span><\/li>\n<li><span style=\"color: #ffffff;\">Nivel 3: Cookies gestionadas por terceros que permiten el seguimiento del usuario a trav\u00e9s de otras webs que no son del titular de esta web. Normalmente son cookies de publicidad o anal\u00edticas.<\/span><\/li>\n<\/ul>\n<p><span style=\"color: #ffffff;\">BDR en su dominio Web no utiliza ning\u00fan tipo de \u201ccookies\u201d para el tratamiento de datos personales, que permitan la identificaci\u00f3n de personas f\u00edsicas concretas.<\/span><\/p>\n<\/div>\n<\/section>\n<p>[\/et_pb_text][\/et_pb_column][\/et_pb_row][\/et_pb_section]<\/p>\n","protected":false},"excerpt":{"rendered":"<p>T\u00c9RMINOS Y PRIVACIDAD I Aviso LegalII Pol\u00edtica de PrivacidadIII Pol\u00edtica de Cookies I\u00a0Aviso Legal La informaci\u00f3n que se muestra a continuaci\u00f3n recoge la normativa de tratamiento de los datos personales y la protecci\u00f3n de la intimidad en el sector de las comunicaciones electr\u00f3nicas, que se pone en su conocimiento:\u00a0Bdr Inform\u00e1tica y Comunicaciones S.L.U &amp;\u00a0BDR INFORMATICA [&hellip;]<\/p>\n","protected":false},"author":1,"featured_media":0,"parent":0,"menu_order":0,"comment_status":"closed","ping_status":"closed","template":"","meta":{"_et_pb_use_builder":"on","_et_pb_old_content":"","_et_gb_content_width":"","advanced_seo_description":"","jetpack_seo_html_title":"","jetpack_seo_noindex":false,"footnotes":""},"class_list":["post-401","page","type-page","status-publish","hentry"],"jetpack_sharing_enabled":true,"_links":{"self":[{"href":"https:\/\/bdrcyber.com\/index.php?rest_route=\/wp\/v2\/pages\/401","targetHints":{"allow":["GET"]}}],"collection":[{"href":"https:\/\/bdrcyber.com\/index.php?rest_route=\/wp\/v2\/pages"}],"about":[{"href":"https:\/\/bdrcyber.com\/index.php?rest_route=\/wp\/v2\/types\/page"}],"author":[{"embeddable":true,"href":"https:\/\/bdrcyber.com\/index.php?rest_route=\/wp\/v2\/users\/1"}],"replies":[{"embeddable":true,"href":"https:\/\/bdrcyber.com\/index.php?rest_route=%2Fwp%2Fv2%2Fcomments&post=401"}],"version-history":[{"count":2,"href":"https:\/\/bdrcyber.com\/index.php?rest_route=\/wp\/v2\/pages\/401\/revisions"}],"predecessor-version":[{"id":406,"href":"https:\/\/bdrcyber.com\/index.php?rest_route=\/wp\/v2\/pages\/401\/revisions\/406"}],"wp:attachment":[{"href":"https:\/\/bdrcyber.com\/index.php?rest_route=%2Fwp%2Fv2%2Fmedia&parent=401"}],"curies":[{"name":"wp","href":"https:\/\/api.w.org\/{rel}","templated":true}]}}