{"id":395,"date":"2024-09-04T11:04:12","date_gmt":"2024-09-04T11:04:12","guid":{"rendered":"https:\/\/bdrcyber.com\/?page_id=395"},"modified":"2024-09-04T11:04:12","modified_gmt":"2024-09-04T11:04:12","slug":"politica-de-seguretat","status":"publish","type":"page","link":"https:\/\/bdrcyber.com\/?page_id=395&lang=ca","title":{"rendered":"Pol\u00edtica de Seguretat"},"content":{"rendered":"<p>[et_pb_section fb_built=\u00bb1&#8243; _builder_version=\u00bb4.27.0&#8243; _module_preset=\u00bbdefault\u00bb background_color=\u00bbRGBA(255,255,255,0)\u00bb background_image=\u00bbhttps:\/\/bdrcyber.com\/wp-content\/uploads\/2024\/08\/financial-technology-31c-300&#215;135-1-e1724656231504.jpg\u00bb custom_padding=\u00bb26px|||||\u00bb global_colors_info=\u00bb{}\u00bb][et_pb_row _builder_version=\u00bb4.27.0&#8243; _module_preset=\u00bbdefault\u00bb custom_padding=\u00bb22px||0px|||\u00bb global_colors_info=\u00bb{}\u00bb][et_pb_column type=\u00bb4_4&#8243; _builder_version=\u00bb4.27.0&#8243; _module_preset=\u00bbdefault\u00bb global_colors_info=\u00bb{}\u00bb][et_pb_text _builder_version=\u00bb4.27.0&#8243; _module_preset=\u00bbdefault\u00bb hover_enabled=\u00bb0&#8243; global_colors_info=\u00bb{}\u00bb sticky_enabled=\u00bb0&#8243;]<\/p>\n<h1><span class=\"text-600\" style=\"color: #ffffff;\">Pol\u00edtica de seguretat de la informaci\u00f3<\/span><\/h1>\n<p>[\/et_pb_text][\/et_pb_column][\/et_pb_row][et_pb_row _builder_version=\u00bb4.27.0&#8243; _module_preset=\u00bbdefault\u00bb][et_pb_column _builder_version=\u00bb4.27.0&#8243; _module_preset=\u00bbdefault\u00bb type=\u00bb4_4&#8243;][et_pb_text _builder_version=\u00bb4.27.0&#8243; _module_preset=\u00bbdefault\u00bb hover_enabled=\u00bb0&#8243; sticky_enabled=\u00bb0&#8243;]<\/p>\n<p><span style=\"color: #ffffff;\">La pol\u00edtica de seguretat de la informaci\u00f3 de BDR Inform\u00e0tica i Comunicacions SL es basa en els seg\u00fcents principis, compromisos i objectius:<\/span><\/p>\n<ul>\n<li><span style=\"color: #ffffff;\">Confidencialitat: garantir que nom\u00e9s les persones autoritzades accedeixin a la informaci\u00f3 o servei.<\/span><\/li>\n<li><span style=\"color: #ffffff;\">Integridad: garantizar que la informaci\u00f3n o servicio se presentan correctamente.<\/span><\/li>\n<li><span style=\"color: #ffffff;\">Disponibilidad: Cumplir los requisitos de servicio.<\/span><\/li>\n<li><span style=\"color: #ffffff;\">Cumplimiento de las medidas de seguridad de informaci\u00f3n, est\u00e9n o no documentadas.<\/span><\/li>\n<li><span style=\"color: #ffffff;\">Cumplimiento de los requisitos de cliente, legales y reglamentarios en materia de seguridad de informaci\u00f3n<\/span><\/li>\n<li><span style=\"color: #ffffff;\">Millora continua.<\/span><\/li>\n<li><span style=\"color: #ffffff;\">Lideratge. Que les persones responsables de persones i processos siguin models de comportament.<\/span><\/li>\n<li><span style=\"color: #ffffff;\">Participaci\u00f3 de les persones. Totes les persones tenen l&#8217;autonomia i l&#8217;oportunitat de participaci\u00f3 en el funcionament de l&#8217;Organitzaci\u00f3.<\/span><\/li>\n<li><span style=\"color: #ffffff;\">Relacions m\u00fatuament beneficioses amb els clients i prove\u00efdors que proporcionin relacions a llarg termini basades en la confian\u00e7a.<\/span><\/li>\n<li><span style=\"color: #ffffff;\">Enfocament basat:<\/span><\/li>\n<\/ul>\n<p><span style=\"color: #ffffff;\">\u00a0 \u00a0 \u00a0 \u00a0 \u00a0 \u00a0 \u00a0 \u00a0 \u00a0 &#8211;\u00a0En processos. Orientaci\u00f3 al client, millora de la comunicaci\u00f3 interna i del treball en equip.<\/span><\/p>\n<p><span style=\"color: #ffffff;\">\u00a0 \u00a0 \u00a0 \u00a0 \u00a0 \u00a0 \u00a0 \u00a0 \u00a0 &#8211;\u00a0De sistema para la gesti\u00f3n. Interrelaci\u00f3n entre los procesos.<\/span><\/p>\n<p><span style=\"color: #ffffff;\">\u00a0 \u00a0 \u00a0 \u00a0 \u00a0 \u00a0 \u00a0 \u00a0 \u00a0 &#8211;\u00a0En fets per a la presa de decisi\u00f3. Mesurem, analitzem i prenem decisions per intentar millorar.<\/span><\/p>\n<p><span style=\"color: #ffffff;\">Aquesta pol\u00edtica s\u00b4adapta al\u00b4estrat\u00e8gia de l\u00b4empresa BDR Inform\u00e0tica i Comunicacions SL<\/span><\/p>\n<p><span style=\"color: #ffffff;\">Totes les persones pr\u00f2pies i subcontractades s\u00f3n responsables del compliment daquesta pol\u00edtica<\/span><\/p>\n<p><span style=\"color: #ffffff;\">En cas d&#8217;incompliment d&#8217;aquesta pol\u00edtica, es poden desencadenar processos sancionadors i disciplinaris, a m\u00e9s de la responsabilitat civil o penal derivada<\/span><\/p>\n<p><span style=\"color: #ffffff;\">Aquesta pol\u00edtica es desenvolupa a trav\u00e9s de les normatives de seguretat de la informaci\u00f3.<\/span><\/p>\n<p>&nbsp;<\/p>\n<p>[\/et_pb_text][\/et_pb_column][\/et_pb_row][\/et_pb_section]<\/p>\n","protected":false},"excerpt":{"rendered":"<p>Pol\u00edtica de seguretat de la informaci\u00f3La pol\u00edtica de seguretat de la informaci\u00f3 de BDR Inform\u00e0tica i Comunicacions SL es basa en els seg\u00fcents principis, compromisos i objectius: Confidencialitat: garantir que nom\u00e9s les persones autoritzades accedeixin a la informaci\u00f3 o servei. Integridad: garantizar que la informaci\u00f3n o servicio se presentan correctamente. Disponibilidad: Cumplir los requisitos de [&hellip;]<\/p>\n","protected":false},"author":1,"featured_media":0,"parent":0,"menu_order":0,"comment_status":"closed","ping_status":"closed","template":"","meta":{"_et_pb_use_builder":"on","_et_pb_old_content":"","_et_gb_content_width":"","advanced_seo_description":"","jetpack_seo_html_title":"","jetpack_seo_noindex":false,"footnotes":""},"class_list":["post-395","page","type-page","status-publish","hentry"],"jetpack_sharing_enabled":true,"_links":{"self":[{"href":"https:\/\/bdrcyber.com\/index.php?rest_route=\/wp\/v2\/pages\/395","targetHints":{"allow":["GET"]}}],"collection":[{"href":"https:\/\/bdrcyber.com\/index.php?rest_route=\/wp\/v2\/pages"}],"about":[{"href":"https:\/\/bdrcyber.com\/index.php?rest_route=\/wp\/v2\/types\/page"}],"author":[{"embeddable":true,"href":"https:\/\/bdrcyber.com\/index.php?rest_route=\/wp\/v2\/users\/1"}],"replies":[{"embeddable":true,"href":"https:\/\/bdrcyber.com\/index.php?rest_route=%2Fwp%2Fv2%2Fcomments&post=395"}],"version-history":[{"count":2,"href":"https:\/\/bdrcyber.com\/index.php?rest_route=\/wp\/v2\/pages\/395\/revisions"}],"predecessor-version":[{"id":398,"href":"https:\/\/bdrcyber.com\/index.php?rest_route=\/wp\/v2\/pages\/395\/revisions\/398"}],"wp:attachment":[{"href":"https:\/\/bdrcyber.com\/index.php?rest_route=%2Fwp%2Fv2%2Fmedia&parent=395"}],"curies":[{"name":"wp","href":"https:\/\/api.w.org\/{rel}","templated":true}]}}