{"id":346,"date":"2024-09-04T08:02:01","date_gmt":"2024-09-04T08:02:01","guid":{"rendered":"https:\/\/bdrcyber.com\/?page_id=346"},"modified":"2024-09-04T10:48:37","modified_gmt":"2024-09-04T10:48:37","slug":"security-policy","status":"publish","type":"page","link":"https:\/\/bdrcyber.com\/?page_id=346","title":{"rendered":"Pol\u00edtica de Seguridad"},"content":{"rendered":"<p>[et_pb_section fb_built=\u00bb1&#8243; _builder_version=\u00bb4.27.0&#8243; _module_preset=\u00bbdefault\u00bb background_color=\u00bbRGBA(255,255,255,0)\u00bb background_image=\u00bbhttps:\/\/bdrcyber.com\/wp-content\/uploads\/2024\/08\/financial-technology-31c-300&#215;135-1-e1724656231504.jpg\u00bb custom_padding=\u00bb26px|||||\u00bb global_colors_info=\u00bb{}\u00bb][et_pb_row _builder_version=\u00bb4.27.0&#8243; _module_preset=\u00bbdefault\u00bb custom_padding=\u00bb22px||0px|||\u00bb global_colors_info=\u00bb{}\u00bb][et_pb_column type=\u00bb4_4&#8243; _builder_version=\u00bb4.27.0&#8243; _module_preset=\u00bbdefault\u00bb global_colors_info=\u00bb{}\u00bb][et_pb_text _builder_version=\u00bb4.27.0&#8243; _module_preset=\u00bbdefault\u00bb hover_enabled=\u00bb0&#8243; global_colors_info=\u00bb{}\u00bb sticky_enabled=\u00bb0&#8243;]<\/p>\n<h1><span style=\"color: #ffffff;\"><span class=\"text-600\">Pol\u00edtica de seguridad de la informaci\u00f3n<\/span><\/span><\/h1>\n<p>[\/et_pb_text][\/et_pb_column][\/et_pb_row][et_pb_row _builder_version=\u00bb4.27.0&#8243; _module_preset=\u00bbdefault\u00bb][et_pb_column _builder_version=\u00bb4.27.0&#8243; _module_preset=\u00bbdefault\u00bb type=\u00bb4_4&#8243;][et_pb_text _builder_version=\u00bb4.27.0&#8243; _module_preset=\u00bbdefault\u00bb hover_enabled=\u00bb0&#8243; sticky_enabled=\u00bb0&#8243;]<\/p>\n<div><span style=\"color: #ffffff;\">La pol\u00edtica de seguridad de la informaci\u00f3n de BDR Inform\u00e1tica y Comunicaciones SL se basa en los siguientes principios, compromisos y objetivos:<\/span><\/div>\n<ul>\n<li><span style=\"color: #ffffff;\">Confidencialidad: garantizar que solo las personas autorizadas accedan a la informaci\u00f3n o servicio.<\/span><\/li>\n<li><span style=\"color: #ffffff;\">Integridad: garantizar que la informaci\u00f3n o servicio se presentan correctamente.<\/span><\/li>\n<li><span style=\"color: #ffffff;\">Disponibilidad: Cumplir los requisitos de servicio.<\/span><\/li>\n<li><span style=\"color: #ffffff;\">Cumplimiento de las medidas de seguridad de informaci\u00f3n, est\u00e9n o no documentadas.<\/span><\/li>\n<li><span style=\"color: #ffffff;\">Cumplimiento de los requisitos de cliente, legales y reglamentarios en materia de seguridad de informaci\u00f3n<\/span><\/li>\n<li><span style=\"color: #ffffff;\">Mejora continua.<\/span><\/li>\n<li><span style=\"color: #ffffff;\">Liderazgo. Que las personas responsables de personas y procesos sean modelos de comportamiento.<\/span><\/li>\n<li><span style=\"color: #ffffff;\">Participaci\u00f3n de las personas. Todas las personas tienen la autonom\u00eda y oportunidad de participaci\u00f3n en el funcionamiento de la Organizaci\u00f3n.<\/span><\/li>\n<li><span style=\"color: #ffffff;\">Relaciones mutuamente beneficiosas con los clientes y proveedores que proporcionen relaciones a largo plazo basadas en la confianza.<\/span><\/li>\n<li><span style=\"color: #ffffff;\">Enfoque basado:<\/span><\/li>\n<\/ul>\n<div><span style=\"color: #ffffff;\">\u00a0 \u00a0 \u00a0 \u00a0 \u00a0 \u00a0 \u00a0 \u00a0 \u00a0 &#8211; En procesos. Orientaci\u00f3n al cliente, mejora de la comunicaci\u00f3n interna y del trabajo en equipo.<\/span><\/div>\n<div><span style=\"color: #ffffff;\">\u00a0 \u00a0 \u00a0 \u00a0 \u00a0 \u00a0 \u00a0 \u00a0 \u00a0 &#8211; De sistema para la gesti\u00f3n. Interrelaci\u00f3n entre los procesos.<\/span><\/div>\n<div><span style=\"color: #ffffff;\">\u00a0 \u00a0 \u00a0 \u00a0 \u00a0 \u00a0 \u00a0 \u00a0 \u00a0 &#8211; En hechos para la toma de decisi\u00f3n. Medimos, analizamos y tomamos decisiones para intentar mejorar.<\/span><\/div>\n<div><span style=\"color: #ffffff;\">Esta pol\u00edtica se adapta a la estrategia de la empresa BDR Inform\u00e1tica y Comunicaciones SL<\/span><\/div>\n<div><span style=\"color: #ffffff;\">Todas las personas propias y subcontratadas son responsables del cumplimiento de esta pol\u00edtica<\/span><\/div>\n<div><span style=\"color: #ffffff;\">En caso de incumplimiento de esta pol\u00edtica, se podr\u00e1n desencadenar procesos sancionadores y disciplinarios, adem\u00e1s de la responsabilidad civil o penal derivada<\/span><\/div>\n<div><span style=\"color: #ffffff;\">Est\u00e1 pol\u00edtica se desarrolla a trav\u00e9s de las normativas de seguridad de la informaci\u00f3n.<\/span><\/div>\n<p>[\/et_pb_text][\/et_pb_column][\/et_pb_row][\/et_pb_section]<\/p>\n","protected":false},"excerpt":{"rendered":"<p>Pol\u00edtica de seguridad de la informaci\u00f3nLa pol\u00edtica de seguridad de la informaci\u00f3n de BDR Inform\u00e1tica y Comunicaciones SL se basa en los siguientes principios, compromisos y objetivos: Confidencialidad: garantizar que solo las personas autorizadas accedan a la informaci\u00f3n o servicio. Integridad: garantizar que la informaci\u00f3n o servicio se presentan correctamente. Disponibilidad: Cumplir los requisitos de [&hellip;]<\/p>\n","protected":false},"author":1,"featured_media":0,"parent":0,"menu_order":0,"comment_status":"closed","ping_status":"closed","template":"","meta":{"_et_pb_use_builder":"on","_et_pb_old_content":"","_et_gb_content_width":"","advanced_seo_description":"","jetpack_seo_html_title":"","jetpack_seo_noindex":false,"footnotes":""},"class_list":["post-346","page","type-page","status-publish","hentry"],"jetpack_sharing_enabled":true,"_links":{"self":[{"href":"https:\/\/bdrcyber.com\/index.php?rest_route=\/wp\/v2\/pages\/346","targetHints":{"allow":["GET"]}}],"collection":[{"href":"https:\/\/bdrcyber.com\/index.php?rest_route=\/wp\/v2\/pages"}],"about":[{"href":"https:\/\/bdrcyber.com\/index.php?rest_route=\/wp\/v2\/types\/page"}],"author":[{"embeddable":true,"href":"https:\/\/bdrcyber.com\/index.php?rest_route=\/wp\/v2\/users\/1"}],"replies":[{"embeddable":true,"href":"https:\/\/bdrcyber.com\/index.php?rest_route=%2Fwp%2Fv2%2Fcomments&post=346"}],"version-history":[{"count":3,"href":"https:\/\/bdrcyber.com\/index.php?rest_route=\/wp\/v2\/pages\/346\/revisions"}],"predecessor-version":[{"id":390,"href":"https:\/\/bdrcyber.com\/index.php?rest_route=\/wp\/v2\/pages\/346\/revisions\/390"}],"wp:attachment":[{"href":"https:\/\/bdrcyber.com\/index.php?rest_route=%2Fwp%2Fv2%2Fmedia&parent=346"}],"curies":[{"name":"wp","href":"https:\/\/api.w.org\/{rel}","templated":true}]}}