{"id":264,"date":"2024-08-30T12:58:41","date_gmt":"2024-08-30T12:58:41","guid":{"rendered":"https:\/\/bdrcyber.com\/?page_id=264"},"modified":"2024-09-04T08:32:23","modified_gmt":"2024-09-04T08:32:23","slug":"nos-solutions","status":"publish","type":"page","link":"https:\/\/bdrcyber.com\/?page_id=264&lang=fr","title":{"rendered":"Nos Solutions"},"content":{"rendered":"<p>[et_pb_section fb_built=\u00bb1&#8243; admin_label=\u00bbHeader\u00bb _builder_version=\u00bb4.19.5&#8243; _module_preset=\u00bbdefault\u00bb background_color=\u00bbgcid-9ae412ef-a7ae-42a5-ab5b-f691fccab059&#8243; use_background_color_gradient=\u00bbon\u00bb background_color_gradient_stops=\u00bbrgba(9,9,21,0) 0%|gcid-9ae412ef-a7ae-42a5-ab5b-f691fccab059 100%\u00bb background_color_gradient_overlays_image=\u00bbon\u00bb background_image=\u00bbhttps:\/\/bdrcyber.com\/wp-content\/uploads\/2024\/08\/gradient-bg-09.jpg\u00bb background_size=\u00bbcontain\u00bb background_position=\u00bbtop_center\u00bb background_enable_pattern_style=\u00bbon\u00bb background_pattern_style=\u00bbscallops\u00bb background_pattern_color=\u00bbrgba(0,0,0,0.6)\u00bb background_pattern_size=\u00bbcustom\u00bb background_pattern_width=\u00bb8px\u00bb locked=\u00bboff\u00bb collapsed=\u00bbon\u00bb global_colors_info=\u00bb{%22gcid-9ae412ef-a7ae-42a5-ab5b-f691fccab059%22:%91%22background_color%22,%22background_color_gradient_stops%22,%22background_color%22,%22background_color_gradient_stops%22,%22background_color%22,%22background_color_gradient_stops%22,%22background_color%22,%22background_color_gradient_stops%22,%22background_color%22,%22background_color_gradient_stops%22,%22background_color%22,%22background_color_gradient_stops%22%93}\u00bb][et_pb_row _builder_version=\u00bb4.19.2&#8243; _module_preset=\u00bbdefault\u00bb custom_padding=\u00bb||19px|||\u00bb global_colors_info=\u00bb{}\u00bb][et_pb_column type=\u00bb4_4&#8243; _builder_version=\u00bb4.19.2&#8243; _module_preset=\u00bbdefault\u00bb global_colors_info=\u00bb{}\u00bb][et_pb_text _builder_version=\u00bb4.27.0&#8243; _module_preset=\u00bba235f262-e061-45bb-98df-d34586c523cc\u00bb global_colors_info=\u00bb{}\u00bb]<\/p>\n<h1>Nous Solutions<\/h1>\n<p>[\/et_pb_text][\/et_pb_column][\/et_pb_row][et_pb_row column_structure=\u00bb1_2,1_2&#8243; _builder_version=\u00bb4.19.2&#8243; _module_preset=\u00bbdefault\u00bb locked=\u00bboff\u00bb global_colors_info=\u00bb{}\u00bb][et_pb_column type=\u00bb1_2&#8243; _builder_version=\u00bb4.19.2&#8243; _module_preset=\u00bbdefault\u00bb custom_padding_tablet=\u00bb||30px||false|false\u00bb custom_padding_phone=\u00bb||30px||false|false\u00bb custom_padding_last_edited=\u00bbon|tablet\u00bb global_colors_info=\u00bb{}\u00bb][et_pb_blurb use_icon=\u00bbon\u00bb font_icon=\u00bb&#x3d;||divi||400&#8243; _builder_version=\u00bb4.27.0&#8243; _module_preset=\u00bbd06c56f8-4b67-4a0a-a447-a85bd5c63729&#8243; custom_margin=\u00bb||0px||false|false\u00bb border_color_all=\u00bbRGBA(255,255,255,0)\u00bb border_width_left=\u00bb25px\u00bb locked=\u00bboff\u00bb global_colors_info=\u00bb{}\u00bb][\/et_pb_blurb][et_pb_text _builder_version=\u00bb4.27.0&#8243; _module_preset=\u00bb6a2a84ef-fcd1-4537-9d87-53ca06358279&#8243; custom_margin=\u00bb||0px||false|false\u00bb border_color_all=\u00bbRGBA(255,255,255,0)\u00bb border_width_left=\u00bb25px\u00bb global_colors_info=\u00bb{}\u00bb]<\/p>\n<h4><span>MDR (Managed Detection and Response)<\/span><\/h4>\n<p>[\/et_pb_text][et_pb_text _builder_version=\u00bb4.27.0&#8243; _module_preset=\u00bbe5f5d388-4ffd-4bf6-a4ab-db63e373e99c\u00bb border_width_all=\u00bb25px\u00bb border_color_all=\u00bbRGBA(255,255,255,0)\u00bb global_colors_info=\u00bb{}\u00bb]<\/p>\n<p>Notre service MDR vous offre une surveillance constante et une r\u00e9ponse imm\u00e9diate face \u00e0 toute menace. Nos analystes experts surveillent vos syst\u00e8mes 24\/7 pour d\u00e9tecter toute activit\u00e9 suspecte et r\u00e9agir rapidement avant que cela ne cause des dommages.<\/p>\n<p>&nbsp;<\/p>\n<p>[\/et_pb_text][\/et_pb_column][et_pb_column type=\u00bb1_2&#8243; _builder_version=\u00bb4.19.2&#8243; _module_preset=\u00bbdefault\u00bb custom_padding_tablet=\u00bb||30px||false|false\u00bb custom_padding_phone=\u00bb||30px||false|false\u00bb custom_padding_last_edited=\u00bbon|tablet\u00bb global_colors_info=\u00bb{}\u00bb][et_pb_blurb use_icon=\u00bbon\u00bb font_icon=\u00bb&#x3d;||divi||400&#8243; _builder_version=\u00bb4.27.0&#8243; _module_preset=\u00bbd06c56f8-4b67-4a0a-a447-a85bd5c63729&#8243; custom_margin=\u00bb||0px||false|false\u00bb border_color_all=\u00bbRGBA(255,255,255,0)\u00bb border_width_left=\u00bb25px\u00bb locked=\u00bboff\u00bb global_colors_info=\u00bb{}\u00bb][\/et_pb_blurb][et_pb_text _builder_version=\u00bb4.27.0&#8243; _module_preset=\u00bb6a2a84ef-fcd1-4537-9d87-53ca06358279&#8243; custom_margin=\u00bb||0px||false|false\u00bb border_width_left=\u00bb25px\u00bb border_color_left=\u00bbRGBA(255,255,255,0)\u00bb global_colors_info=\u00bb{}\u00bb]<\/p>\n<h4><span>EDR\/XDR:<\/span><\/h4>\n<p>[\/et_pb_text][et_pb_text _builder_version=\u00bb4.27.0&#8243; _module_preset=\u00bbe5f5d388-4ffd-4bf6-a4ab-db63e373e99c\u00bb border_width_all=\u00bb25px\u00bb border_color_all=\u00bbRGBA(255,255,255,0)\u00bb global_colors_info=\u00bb{}\u00bb]<\/p>\n<p>Avec nos solutions EDR\/XDR, vous aurez une visibilit\u00e9 compl\u00e8te de tous vos appareils. Nous d\u00e9tecterons et r\u00e9pondrons aux menaces les plus avanc\u00e9es, prot\u00e9geant ainsi vos donn\u00e9es les plus sensibles.<\/p>\n<p>&nbsp;<\/p>\n<p>[\/et_pb_text][\/et_pb_column][\/et_pb_row][et_pb_row column_structure=\u00bb1_2,1_2&#8243; _builder_version=\u00bb4.19.2&#8243; _module_preset=\u00bbdefault\u00bb locked=\u00bboff\u00bb global_colors_info=\u00bb{}\u00bb][et_pb_column type=\u00bb1_2&#8243; _builder_version=\u00bb4.19.2&#8243; _module_preset=\u00bbdefault\u00bb custom_padding_tablet=\u00bb||30px||false|false\u00bb custom_padding_phone=\u00bb||30px||false|false\u00bb custom_padding_last_edited=\u00bbon|tablet\u00bb global_colors_info=\u00bb{}\u00bb][et_pb_blurb use_icon=\u00bbon\u00bb font_icon=\u00bb&#x3d;||divi||400&#8243; _builder_version=\u00bb4.27.0&#8243; _module_preset=\u00bbd06c56f8-4b67-4a0a-a447-a85bd5c63729&#8243; custom_margin=\u00bb||0px||false|false\u00bb border_color_all=\u00bbRGBA(255,255,255,0)\u00bb border_width_left=\u00bb25px\u00bb locked=\u00bboff\u00bb global_colors_info=\u00bb{}\u00bb][\/et_pb_blurb][et_pb_text _builder_version=\u00bb4.27.0&#8243; _module_preset=\u00bb6a2a84ef-fcd1-4537-9d87-53ca06358279&#8243; custom_margin=\u00bb||0px||false|false\u00bb border_color_all=\u00bbRGBA(255,255,255,0)\u00bb border_width_left=\u00bb25px\u00bb global_colors_info=\u00bb{}\u00bb]<\/p>\n<h4><span>UTM\/NGFW<\/span><\/h4>\n<p>[\/et_pb_text][et_pb_text _builder_version=\u00bb4.27.0&#8243; _module_preset=\u00bbe5f5d388-4ffd-4bf6-a4ab-db63e373e99c\u00bb border_width_all=\u00bb25px\u00bb border_color_all=\u00bbRGBA(255,255,255,0)\u00bb global_colors_info=\u00bb{}\u00bb]<\/p>\n<p>Nos pare-feux de nouvelle g\u00e9n\u00e9ration vous offrent une protection p\u00e9rim\u00e9trique solide et une gestion centralis\u00e9e de vos politiques de s\u00e9curit\u00e9. Simplifiez votre infrastructure et am\u00e9liorez votre efficacit\u00e9.<\/p>\n<p>&nbsp;<\/p>\n<p>[\/et_pb_text][\/et_pb_column][et_pb_column type=\u00bb1_2&#8243; _builder_version=\u00bb4.19.2&#8243; _module_preset=\u00bbdefault\u00bb custom_padding_tablet=\u00bb||30px||false|false\u00bb custom_padding_phone=\u00bb||30px||false|false\u00bb custom_padding_last_edited=\u00bbon|tablet\u00bb global_colors_info=\u00bb{}\u00bb][et_pb_blurb use_icon=\u00bbon\u00bb font_icon=\u00bb&#x3d;||divi||400&#8243; _builder_version=\u00bb4.27.0&#8243; _module_preset=\u00bbd06c56f8-4b67-4a0a-a447-a85bd5c63729&#8243; custom_margin=\u00bb||0px||false|false\u00bb border_width_left=\u00bb25px\u00bb border_color_left=\u00bbRGBA(255,255,255,0)\u00bb locked=\u00bboff\u00bb global_colors_info=\u00bb{}\u00bb][\/et_pb_blurb][et_pb_text _builder_version=\u00bb4.27.0&#8243; _module_preset=\u00bb6a2a84ef-fcd1-4537-9d87-53ca06358279&#8243; custom_margin=\u00bb||0px||false|false\u00bb border_width_left=\u00bb25px\u00bb border_color_left=\u00bbRGBA(255,255,255,0)\u00bb global_colors_info=\u00bb{}\u00bb]<\/p>\n<h4><strong>Autres Solutions (SIEM, SOAR, S\u00e9curit\u00e9 Cloud)<\/strong><\/h4>\n<p>[\/et_pb_text][et_pb_text _builder_version=\u00bb4.27.0&#8243; _module_preset=\u00bbe5f5d388-4ffd-4bf6-a4ab-db63e373e99c\u00bb border_width_all=\u00bb25px\u00bb border_color_all=\u00bbRGBA(255,255,255,0)\u00bb global_colors_info=\u00bb{}\u00bb]<\/p>\n<p>Nous adaptons nos solutions \u00e0 vos besoins sp\u00e9cifiques. Nous disposons d&#8217;une large gamme de technologies pour garantir la s\u00e9curit\u00e9 de votre environnement num\u00e9rique.<\/p>\n<p>&nbsp;<\/p>\n<p>[\/et_pb_text][\/et_pb_column][\/et_pb_row][et_pb_row column_structure=\u00bb1_2,1_2&#8243; _builder_version=\u00bb4.27.0&#8243; _module_preset=\u00bbdefault\u00bb custom_margin=\u00bb60px||||false|false\u00bb locked=\u00bboff\u00bb global_colors_info=\u00bb{}\u00bb][et_pb_column type=\u00bb1_2&#8243; _builder_version=\u00bb4.19.2&#8243; _module_preset=\u00bbdefault\u00bb global_colors_info=\u00bb{}\u00bb][et_pb_image src=\u00bbhttps:\/\/bdrcyber.com\/wp-content\/uploads\/2024\/08\/candado-08.png\u00bb title_text=\u00bbcandado-08&#8243; _builder_version=\u00bb4.27.0&#8243; _module_preset=\u00bbdefault\u00bb width=\u00bb45%\u00bb custom_margin=\u00bb-20px|0px||120px|false|false\u00bb global_colors_info=\u00bb{}\u00bb][\/et_pb_image][\/et_pb_column][et_pb_column type=\u00bb1_2&#8243; _builder_version=\u00bb4.19.2&#8243; _module_preset=\u00bbdefault\u00bb custom_padding=\u00bb40px||||false|false\u00bb custom_padding_tablet=\u00bb0px||||false|false\u00bb custom_padding_phone=\u00bb0px||||false|false\u00bb custom_padding_last_edited=\u00bbon|desktop\u00bb global_colors_info=\u00bb{}\u00bb][et_pb_text _builder_version=\u00bb4.27.0&#8243; _module_preset=\u00bbde138968-5f8e-42e2-affb-9b32ea72c5d9&#8243; header_2_font_size=\u00bb40px\u00bb custom_margin=\u00bb||10px||false|false\u00bb global_colors_info=\u00bb{}\u00bb]<\/p>\n<h2><strong>Solutions<\/strong><\/h2>\n<p>[\/et_pb_text][et_pb_text _builder_version=\u00bb4.19.2&#8243; _module_preset=\u00bbe5f5d388-4ffd-4bf6-a4ab-db63e373e99c\u00bb global_colors_info=\u00bb{}\u00bb]<\/p>\n<p>Chez BDR Cyber, nous savons que vous avez besoin d&#8217;une solution de cybers\u00e9curit\u00e9 qui va au-del\u00e0 des bases. C&#8217;est pourquoi nous proposons des solutions avanc\u00e9es con\u00e7ues pour prot\u00e9ger votre entreprise de mani\u00e8re proactive et efficace. Avec nos technologies de pointe et notre \u00e9quipe d&#8217;experts, vous aurez l&#8217;esprit tranquille en sachant que vos donn\u00e9es sont s\u00e9curis\u00e9es.<\/p>\n<p>[\/et_pb_text][et_pb_button button_text=\u00bbDemander un Service\u00bb _builder_version=\u00bb4.27.0&#8243; _module_preset=\u00bb8f91d2ce-bd37-4895-86b7-1b12e7acbb5d\u00bb button_icon=\u00bb&#xf061;||fa||900&#8243; global_colors_info=\u00bb{}\u00bb][\/et_pb_button][\/et_pb_column][\/et_pb_row][\/et_pb_section][et_pb_section fb_built=\u00bb1&#8243; admin_label=\u00bbFAQ\u00bb _builder_version=\u00bb4.19.5&#8243; _module_preset=\u00bbdefault\u00bb background_color=\u00bbgcid-9ae412ef-a7ae-42a5-ab5b-f691fccab059&#8243; use_background_color_gradient=\u00bbon\u00bb background_color_gradient_stops=\u00bbgcid-9ae412ef-a7ae-42a5-ab5b-f691fccab059 0%|rgba(255,255,255,0) 50%|gcid-9ae412ef-a7ae-42a5-ab5b-f691fccab059 100%\u00bb background_color_gradient_overlays_image=\u00bbon\u00bb background_image=\u00bbhttps:\/\/bdrcyber.com\/wp-content\/uploads\/2024\/08\/gradient-bg-08.jpg\u00bb background_size=\u00bbinitial\u00bb background_enable_pattern_style=\u00bbon\u00bb background_pattern_style=\u00bbscallops\u00bb background_pattern_color=\u00bbrgba(0,0,0,0.5)\u00bb background_pattern_size=\u00bbcustom\u00bb background_pattern_width=\u00bb8px\u00bb saved_tabs=\u00bball\u00bb collapsed=\u00bbon\u00bb global_colors_info=\u00bb{%22gcid-9ae412ef-a7ae-42a5-ab5b-f691fccab059%22:%91%22background_color%22,%22background_color_gradient_stops%22,%22background_color%22,%22background_color_gradient_stops%22%93}\u00bb][et_pb_row custom_padding_last_edited=\u00bbon|tablet\u00bb _builder_version=\u00bb4.19.5&#8243; _module_preset=\u00bbdefault\u00bb use_background_color_gradient=\u00bbon\u00bb background_color_gradient_type=\u00bbconic\u00bb background_color_gradient_direction=\u00bb0deg\u00bb background_color_gradient_direction_radial=\u00bbbottom left\u00bb background_color_gradient_stops=\u00bbrgba(53,135,234,0.24) 2%|rgba(10,0,107,0.23) 18%|#100a26 24%|#fc6d36 37%\u00bb background_color_gradient_overlays_image=\u00bbon\u00bb background_image=\u00bbhttps:\/\/bdrcyber.com\/wp-content\/uploads\/2024\/08\/financial-technology-4b.png\u00bb background_enable_image=\u00bboff\u00bb custom_margin=\u00bb||4vw||false|false\u00bb custom_padding=\u00bb100px|80px|100px|80px|true|true\u00bb custom_padding_tablet=\u00bb40px|30px|40px|30px|true|true\u00bb custom_padding_phone=\u00bb30px|20px|30px|20px|true|true\u00bb border_radii=\u00bbon|4vw|4vw|4vw|4vw\u00bb border_width_all=\u00bb2px\u00bb border_color_all=\u00bbrgba(255,255,255,0.06)\u00bb saved_tabs=\u00bball\u00bb locked=\u00bboff\u00bb global_colors_info=\u00bb{}\u00bb][et_pb_column type=\u00bb4_4&#8243; _builder_version=\u00bb4.19.2&#8243; _module_preset=\u00bbdefault\u00bb global_colors_info=\u00bb{}\u00bb][et_pb_text _builder_version=\u00bb4.19.5&#8243; _module_preset=\u00bbde138968-5f8e-42e2-affb-9b32ea72c5d9&#8243; text_orientation=\u00bbcenter\u00bb custom_margin=\u00bb||10px||false|false\u00bb global_colors_info=\u00bb{}\u00bb]<\/p>\n<h2>Prot\u00e9gez votre entreprise avec BDR Cyber<\/h2>\n<p>[\/et_pb_text][et_pb_text _builder_version=\u00bb4.27.0&#8243; _module_preset=\u00bbe5f5d388-4ffd-4bf6-a4ab-db63e373e99c\u00bb text_orientation=\u00bbcenter\u00bb border_width_right=\u00bb100px\u00bb border_color_right=\u00bbRGBA(255,255,255,0)\u00bb border_width_left=\u00bb100px\u00bb border_color_left=\u00bbRGBA(255,255,255,0)\u00bb global_colors_info=\u00bb{}\u00bb]<\/p>\n<p>Vous voulez savoir comment nous pouvons aider \u00e0 prot\u00e9ger votre entreprise ? Demandez une \u00e9valuation gratuite et d\u00e9couvrez comment nos solutions avanc\u00e9es peuvent s&#8217;adapter \u00e0 vos besoins sp\u00e9cifiques.<\/p>\n<p>[\/et_pb_text][et_pb_button button_text=\u00bbEngager Service\u00bb button_alignment=\u00bbcenter\u00bb _builder_version=\u00bb4.27.0&#8243; _module_preset=\u00bbdefault\u00bb custom_button=\u00bbon\u00bb button_text_size=\u00bb16px\u00bb button_bg_color=\u00bb#e31c79&#8243; button_border_width=\u00bb8px\u00bb button_border_color=\u00bb#e31c79&#8243; button_border_radius=\u00bb100px\u00bb global_colors_info=\u00bb{}\u00bb][\/et_pb_button][\/et_pb_column][\/et_pb_row][et_pb_row column_structure=\u00bb1_2,1_2&#8243; _builder_version=\u00bb4.27.0&#8243; _module_preset=\u00bbdefault\u00bb locked=\u00bboff\u00bb global_colors_info=\u00bb{}\u00bb][et_pb_column type=\u00bb1_2&#8243; _builder_version=\u00bb4.19.2&#8243; _module_preset=\u00bbdefault\u00bb custom_padding=\u00bb40px||||false|false\u00bb custom_padding_tablet=\u00bb0px||||false|false\u00bb custom_padding_phone=\u00bb0px||||false|false\u00bb custom_padding_last_edited=\u00bbon|desktop\u00bb global_colors_info=\u00bb{}\u00bb][et_pb_text _builder_version=\u00bb4.19.5&#8243; _module_preset=\u00bbf802aba3-9278-4b86-802c-170467e9afdf\u00bb custom_margin=\u00bb||10px||false|false\u00bb global_colors_info=\u00bb{}\u00bb]<\/p>\n<h3><strong>Pourquoi Choisir BDR Cyber?<\/strong><\/h3>\n<p>[\/et_pb_text][et_pb_text _builder_version=\u00bb4.19.2&#8243; _module_preset=\u00bbe5f5d388-4ffd-4bf6-a4ab-db63e373e99c\u00bb global_colors_info=\u00bb{}\u00bb]<\/p>\n<p>Avec plus de 26 ans d&#8217;exp\u00e9rience, chez BDR Cyber, nous nous consacrons \u00e0 offrir des solutions de cybers\u00e9curit\u00e9 personnalis\u00e9es qui garantissent la protection et la continuit\u00e9 de votre entreprise.<\/p>\n<p>&nbsp;<\/p>\n<p>[\/et_pb_text][\/et_pb_column][et_pb_column type=\u00bb1_2&#8243; _builder_version=\u00bb4.19.2&#8243; _module_preset=\u00bbdefault\u00bb global_colors_info=\u00bb{}\u00bb][et_pb_blurb use_icon=\u00bbon\u00bb font_icon=\u00bb&#xf0e7;||fa||900&#8243; icon_color=\u00bb#e31c79&#8243; _builder_version=\u00bb4.27.0&#8243; _module_preset=\u00bb0aeccd86-d852-4f73-8e54-32328ea4e2e6&#8243; header_text_color=\u00bb#FFFFFF\u00bb min_height=\u00bb0px\u00bb custom_margin=\u00bb62px|||||\u00bb locked=\u00bboff\u00bb global_colors_info=\u00bb{}\u00bb]<\/p>\n<p><strong>Experts en Cybers\u00e9curit\u00e9 :<\/strong> Nous disposons d&#8217;une \u00e9quipe hautement qualifi\u00e9e et certifi\u00e9e en cybers\u00e9curit\u00e9 pour faire face \u00e0 toute menace num\u00e9rique.\u00a0<\/p>\n<p>[\/et_pb_blurb][et_pb_blurb use_icon=\u00bbon\u00bb font_icon=\u00bb&#xf0e7;||fa||900&#8243; icon_color=\u00bb#e31c79&#8243; _builder_version=\u00bb4.27.0&#8243; _module_preset=\u00bb0aeccd86-d852-4f73-8e54-32328ea4e2e6&#8243; header_text_color=\u00bb#FFFFFF\u00bb locked=\u00bboff\u00bb global_colors_info=\u00bb{}\u00bb]<\/p>\n<p><strong>Technologie Avanc\u00e9e :<\/strong> Nous utilisons les derniers outils d&#8217;intelligence artificielle pour d\u00e9tecter les menaces avant qu&#8217;elles n&#8217;affectent votre entreprise.<\/p>\n<p>[\/et_pb_blurb][et_pb_blurb use_icon=\u00bbon\u00bb font_icon=\u00bb&#xf0e7;||fa||900&#8243; icon_color=\u00bb#e31c79&#8243; _builder_version=\u00bb4.27.0&#8243; _module_preset=\u00bb0aeccd86-d852-4f73-8e54-32328ea4e2e6&#8243; header_text_color=\u00bb#FFFFFF\u00bb locked=\u00bboff\u00bb global_colors_info=\u00bb{}\u00bb]<\/p>\n<p><strong>Protection Personnalis\u00e9e :<\/strong> Nous concevons des solutions de cybers\u00e9curit\u00e9 adapt\u00e9es aux besoins sp\u00e9cifiques de votre entreprise.\u00a0<\/p>\n<p>[\/et_pb_blurb][et_pb_blurb use_icon=\u00bbon\u00bb font_icon=\u00bb&#xf0e7;||fa||900&#8243; icon_color=\u00bb#e31c79&#8243; _builder_version=\u00bb4.27.0&#8243; _module_preset=\u00bb0aeccd86-d852-4f73-8e54-32328ea4e2e6&#8243; header_text_color=\u00bb#FFFFFF\u00bb locked=\u00bboff\u00bb global_colors_info=\u00bb{}\u00bb]<\/p>\n<p><strong>Surveillance 24\/7 :<\/strong> Supervision continue pour d\u00e9tecter et r\u00e9pondre aux cyberattaques en temps r\u00e9el.<\/p>\n<p>&nbsp;<\/p>\n<p>[\/et_pb_blurb][et_pb_blurb use_icon=\u00bbon\u00bb font_icon=\u00bb&#xf0e7;||fa||900&#8243; icon_color=\u00bb#e31c79&#8243; _builder_version=\u00bb4.27.0&#8243; _module_preset=\u00bb0aeccd86-d852-4f73-8e54-32328ea4e2e6&#8243; header_text_color=\u00bb#FFFFFF\u00bb locked=\u00bboff\u00bb global_colors_info=\u00bb{}\u00bb]<\/p>\n<p><strong>Conformit\u00e9 R\u00e9glementaire Garantie :<\/strong> Nous veillons \u00e0 ce que votre entreprise soit conforme aux r\u00e9glementations telles que le RGPD, NIS2 et ISO 27001, \u00e9vitant ainsi les p\u00e9nalit\u00e9s.<\/p>\n<p>&nbsp;<\/p>\n<p>[\/et_pb_blurb][et_pb_button button_text=\u00bbEngager Service\u00bb _builder_version=\u00bb4.27.0&#8243; _module_preset=\u00bb8f91d2ce-bd37-4895-86b7-1b12e7acbb5d\u00bb button_icon=\u00bb&#xf061;||fa||900&#8243; custom_padding=\u00bb11px|40px|11px|28px|true|false\u00bb locked=\u00bboff\u00bb global_colors_info=\u00bb{}\u00bb][\/et_pb_button][\/et_pb_column][\/et_pb_row][\/et_pb_section][et_pb_section fb_built=\u00bb1&#8243; admin_label=\u00bbFooter\u00bb _builder_version=\u00bb4.19.5&#8243; _module_preset=\u00bbdefault\u00bb background_color=\u00bbgcid-9ae412ef-a7ae-42a5-ab5b-f691fccab059&#8243; use_background_color_gradient=\u00bbon\u00bb background_color_gradient_stops=\u00bb#090915 0%|rgba(9,9,21,0) 70%\u00bb background_color_gradient_overlays_image=\u00bbon\u00bb background_image=\u00bbhttps:\/\/bdrcyber.com\/wp-content\/uploads\/2024\/08\/gradient-bg-05.jpg\u00bb background_size=\u00bbinitial\u00bb background_position=\u00bbbottom_center\u00bb background_enable_pattern_style=\u00bbon\u00bb background_pattern_style=\u00bbscallops\u00bb background_pattern_color=\u00bbRGBA(0,0,0,0.5)\u00bb background_pattern_size=\u00bbcustom\u00bb background_pattern_width=\u00bb8px\u00bb custom_padding=\u00bb0vw||5vw||false|false\u00bb saved_tabs=\u00bball\u00bb collapsed=\u00bbon\u00bb global_colors_info=\u00bb{%22gcid-9ae412ef-a7ae-42a5-ab5b-f691fccab059%22:%91%22background_color%22%93}\u00bb][et_pb_row column_structure=\u00bb1_4,1_4,1_4,1_4&#8243; _builder_version=\u00bb4.27.0&#8243; _module_preset=\u00bbdefault\u00bb custom_padding=\u00bb6vw||||false|false\u00bb border_color_all=\u00bbrgba(130,125,255,0.3)\u00bb border_width_top=\u00bb2px\u00bb global_colors_info=\u00bb{}\u00bb theme_builder_area=\u00bbpost_content\u00bb][et_pb_column type=\u00bb1_4&#8243; _builder_version=\u00bb4.19.2&#8243; _module_preset=\u00bbdefault\u00bb global_colors_info=\u00bb{}\u00bb theme_builder_area=\u00bbpost_content\u00bb][et_pb_image src=\u00bbhttps:\/\/bdrcyber.com\/wp-content\/uploads\/2024\/08\/LOGOTIPO_BDR_CYBER_POSITIVO.png\u00bb title_text=\u00bbLOGOTIPO_BDR_CYBER_POSITIVO\u00bb url=\u00bb@ET-DC@eyJkeW5hbWljIjp0cnVlLCJjb250ZW50IjoiaG9tZV91cmwiLCJzZXR0aW5ncyI6e319@\u00bb _builder_version=\u00bb4.27.0&#8243; _dynamic_attributes=\u00bburl\u00bb _module_preset=\u00bbdefault\u00bb custom_padding=\u00bb|0px||||\u00bb global_colors_info=\u00bb{}\u00bb theme_builder_area=\u00bbpost_content\u00bb][\/et_pb_image][et_pb_text _builder_version=\u00bb4.27.0&#8243; _module_preset=\u00bb_initial\u00bb text_text_color=\u00bb#FFFFFF\u00bb text_font_size=\u00bb22px\u00bb text_line_height=\u00bb1.6em\u00bb link_text_color=\u00bb#FFFFFF\u00bb custom_margin=\u00bb||10px||false|false\u00bb header_font_size_tablet=\u00bb55px\u00bb header_font_size_last_edited=\u00bboff|desktop\u00bb locked=\u00bboff\u00bb global_colors_info=\u00bb{}\u00bb theme_builder_area=\u00bbpost_content\u00bb]<\/p>\n<p><strong>Sp\u00e9cialistes de la s\u00e9curit\u00e9 informatique.<\/strong><\/p>\n<p>[\/et_pb_text][\/et_pb_column][et_pb_column type=\u00bb1_4&#8243; _builder_version=\u00bb4.19.2&#8243; _module_preset=\u00bbdefault\u00bb global_colors_info=\u00bb{}\u00bb theme_builder_area=\u00bbpost_content\u00bb][\/et_pb_column][et_pb_column type=\u00bb1_4&#8243; _builder_version=\u00bb4.19.2&#8243; _module_preset=\u00bbdefault\u00bb global_colors_info=\u00bb{}\u00bb theme_builder_area=\u00bbpost_content\u00bb][et_pb_text _builder_version=\u00bb4.27.0&#8243; _module_preset=\u00bb_initial\u00bb text_text_color=\u00bb#FFFFFF\u00bb text_line_height=\u00bb1.6em\u00bb link_text_color=\u00bb#FFFFFF\u00bb custom_margin=\u00bb||10px||false|false\u00bb header_font_size_tablet=\u00bb55px\u00bb header_font_size_last_edited=\u00bboff|desktop\u00bb global_colors_info=\u00bb{}\u00bb theme_builder_area=\u00bbpost_content\u00bb]<\/p>\n<p>Pol\u00edtica de Privacidad<\/p>\n<p>[\/et_pb_text][et_pb_text _builder_version=\u00bb4.19.2&#8243; _module_preset=\u00bb_initial\u00bb text_text_color=\u00bb#FFFFFF\u00bb text_line_height=\u00bb1.6em\u00bb link_text_color=\u00bb#FFFFFF\u00bb custom_margin=\u00bb||10px||false|false\u00bb header_font_size_tablet=\u00bb55px\u00bb header_font_size_last_edited=\u00bboff|desktop\u00bb global_colors_info=\u00bb{}\u00bb theme_builder_area=\u00bbpost_content\u00bb]<a href=\"#\">Legal<\/a>[\/et_pb_text][\/et_pb_column][et_pb_column type=\u00bb1_4&#8243; _builder_version=\u00bb4.19.2&#8243; _module_preset=\u00bbdefault\u00bb global_colors_info=\u00bb{}\u00bb theme_builder_area=\u00bbpost_content\u00bb][et_pb_text _builder_version=\u00bb4.19.2&#8243; _module_preset=\u00bb_initial\u00bb header_font=\u00bb||||||||\u00bb header_3_font=\u00bbInter|700|||||||\u00bb header_3_text_color=\u00bb#FFFFFF\u00bb header_3_font_size=\u00bb32px\u00bb header_3_line_height=\u00bb1.4em\u00bb header_3_font_size_tablet=\u00bb20px\u00bb header_3_font_size_phone=\u00bb16px\u00bb header_3_font_size_last_edited=\u00bbon|desktop\u00bb global_colors_info=\u00bb{}\u00bb theme_builder_area=\u00bbpost_content\u00bb]<\/p>\n<h3>Newsletter<\/h3>\n<p>[\/et_pb_text][et_pb_signup mailchimp_list=\u00bbundefined|elegantthemestest|1ea2bbd026&#8243; layout=\u00bbtop_bottom\u00bb first_name_field=\u00bboff\u00bb last_name_field=\u00bboff\u00bb _builder_version=\u00bb4.27.0&#8243; _module_preset=\u00bb_initial\u00bb form_field_background_color=\u00bbRGBA(255,255,255,0)\u00bb form_field_text_color=\u00bb#FFFFFF\u00bb form_field_custom_padding=\u00bb12px|20px|12px|20px|true|true\u00bb form_field_font_size=\u00bb16px\u00bb form_field_line_height=\u00bb1.8em\u00bb background_enable_color=\u00bboff\u00bb use_background_color=\u00bboff\u00bb custom_button=\u00bbon\u00bb button_text_size=\u00bb16px\u00bb button_text_color=\u00bb#FFFFFF\u00bb button_bg_color=\u00bb#e31c79&#8243; button_border_width=\u00bb0px\u00bb button_border_radius=\u00bb100px\u00bb button_font=\u00bbInter|500|||||||\u00bb button_icon=\u00bb&#xf061;||fa||900&#8243; button_on_hover=\u00bboff\u00bb button_custom_padding=\u00bb12px|28px|12px|28px|true|true\u00bb form_field_font_size_tablet=\u00bb15px\u00bb form_field_font_size_phone=\u00bb14px\u00bb form_field_font_size_last_edited=\u00bbon|tablet\u00bb border_radii_fields=\u00bbon|100px|100px|100px|100px\u00bb border_width_all_fields=\u00bb1px\u00bb border_color_all_fields=\u00bb#FFFFFF\u00bb locked=\u00bboff\u00bb global_colors_info=\u00bb{}\u00bb theme_builder_area=\u00bbpost_content\u00bb][\/et_pb_signup][\/et_pb_column][\/et_pb_row][\/et_pb_section]<\/p>\n","protected":false},"excerpt":{"rendered":"<p>Nous SolutionsMDR (Managed Detection and Response)Notre service MDR vous offre une surveillance constante et une r\u00e9ponse imm\u00e9diate face \u00e0 toute menace. Nos analystes experts surveillent vos syst\u00e8mes 24\/7 pour d\u00e9tecter toute activit\u00e9 suspecte et r\u00e9agir rapidement avant que cela ne cause des dommages. &nbsp;EDR\/XDR:Avec nos solutions EDR\/XDR, vous aurez une visibilit\u00e9 compl\u00e8te de tous vos [&hellip;]<\/p>\n","protected":false},"author":1,"featured_media":0,"parent":0,"menu_order":0,"comment_status":"closed","ping_status":"closed","template":"","meta":{"_et_pb_use_builder":"on","_et_pb_old_content":"","_et_gb_content_width":"","advanced_seo_description":"","jetpack_seo_html_title":"","jetpack_seo_noindex":false,"footnotes":""},"class_list":["post-264","page","type-page","status-publish","hentry"],"jetpack_sharing_enabled":true,"_links":{"self":[{"href":"https:\/\/bdrcyber.com\/index.php?rest_route=\/wp\/v2\/pages\/264","targetHints":{"allow":["GET"]}}],"collection":[{"href":"https:\/\/bdrcyber.com\/index.php?rest_route=\/wp\/v2\/pages"}],"about":[{"href":"https:\/\/bdrcyber.com\/index.php?rest_route=\/wp\/v2\/types\/page"}],"author":[{"embeddable":true,"href":"https:\/\/bdrcyber.com\/index.php?rest_route=\/wp\/v2\/users\/1"}],"replies":[{"embeddable":true,"href":"https:\/\/bdrcyber.com\/index.php?rest_route=%2Fwp%2Fv2%2Fcomments&post=264"}],"version-history":[{"count":3,"href":"https:\/\/bdrcyber.com\/index.php?rest_route=\/wp\/v2\/pages\/264\/revisions"}],"predecessor-version":[{"id":363,"href":"https:\/\/bdrcyber.com\/index.php?rest_route=\/wp\/v2\/pages\/264\/revisions\/363"}],"wp:attachment":[{"href":"https:\/\/bdrcyber.com\/index.php?rest_route=%2Fwp%2Fv2%2Fmedia&parent=264"}],"curies":[{"name":"wp","href":"https:\/\/api.w.org\/{rel}","templated":true}]}}