{"id":260,"date":"2024-08-30T12:49:14","date_gmt":"2024-08-30T12:49:14","guid":{"rendered":"https:\/\/bdrcyber.com\/?page_id=260"},"modified":"2024-09-04T08:11:20","modified_gmt":"2024-09-04T08:11:20","slug":"solucions","status":"publish","type":"page","link":"https:\/\/bdrcyber.com\/?page_id=260&lang=ca","title":{"rendered":"Solucions"},"content":{"rendered":"<p>[et_pb_section fb_built=\u00bb1&#8243; admin_label=\u00bbHeader\u00bb _builder_version=\u00bb4.19.5&#8243; _module_preset=\u00bbdefault\u00bb background_color=\u00bbgcid-9ae412ef-a7ae-42a5-ab5b-f691fccab059&#8243; use_background_color_gradient=\u00bbon\u00bb background_color_gradient_stops=\u00bbrgba(9,9,21,0) 0%|gcid-9ae412ef-a7ae-42a5-ab5b-f691fccab059 100%\u00bb background_color_gradient_overlays_image=\u00bbon\u00bb background_image=\u00bbhttps:\/\/bdrcyber.com\/wp-content\/uploads\/2024\/08\/gradient-bg-09.jpg\u00bb background_size=\u00bbcontain\u00bb background_position=\u00bbtop_center\u00bb background_enable_pattern_style=\u00bbon\u00bb background_pattern_style=\u00bbscallops\u00bb background_pattern_color=\u00bbrgba(0,0,0,0.6)\u00bb background_pattern_size=\u00bbcustom\u00bb background_pattern_width=\u00bb8px\u00bb locked=\u00bboff\u00bb collapsed=\u00bbon\u00bb global_colors_info=\u00bb{%22gcid-9ae412ef-a7ae-42a5-ab5b-f691fccab059%22:%91%22background_color%22,%22background_color_gradient_stops%22,%22background_color%22,%22background_color_gradient_stops%22,%22background_color%22,%22background_color_gradient_stops%22,%22background_color%22,%22background_color_gradient_stops%22,%22background_color%22,%22background_color_gradient_stops%22,%22background_color%22,%22background_color_gradient_stops%22%93}\u00bb][et_pb_row _builder_version=\u00bb4.19.2&#8243; _module_preset=\u00bbdefault\u00bb custom_padding=\u00bb||19px|||\u00bb global_colors_info=\u00bb{}\u00bb][et_pb_column type=\u00bb4_4&#8243; _builder_version=\u00bb4.19.2&#8243; _module_preset=\u00bbdefault\u00bb global_colors_info=\u00bb{}\u00bb][et_pb_text _builder_version=\u00bb4.27.0&#8243; _module_preset=\u00bba235f262-e061-45bb-98df-d34586c523cc\u00bb global_colors_info=\u00bb{}\u00bb]<\/p>\n<h1>Les Nostres Solucions<\/h1>\n<p>[\/et_pb_text][\/et_pb_column][\/et_pb_row][et_pb_row column_structure=\u00bb1_2,1_2&#8243; _builder_version=\u00bb4.19.2&#8243; _module_preset=\u00bbdefault\u00bb locked=\u00bboff\u00bb global_colors_info=\u00bb{}\u00bb][et_pb_column type=\u00bb1_2&#8243; _builder_version=\u00bb4.19.2&#8243; _module_preset=\u00bbdefault\u00bb custom_padding_tablet=\u00bb||30px||false|false\u00bb custom_padding_phone=\u00bb||30px||false|false\u00bb custom_padding_last_edited=\u00bbon|tablet\u00bb global_colors_info=\u00bb{}\u00bb][et_pb_blurb use_icon=\u00bbon\u00bb font_icon=\u00bb&#x3d;||divi||400&#8243; _builder_version=\u00bb4.27.0&#8243; _module_preset=\u00bbd06c56f8-4b67-4a0a-a447-a85bd5c63729&#8243; custom_margin=\u00bb||0px||false|false\u00bb border_color_all=\u00bbRGBA(255,255,255,0)\u00bb border_width_left=\u00bb25px\u00bb locked=\u00bboff\u00bb global_colors_info=\u00bb{}\u00bb][\/et_pb_blurb][et_pb_text _builder_version=\u00bb4.27.0&#8243; _module_preset=\u00bb6a2a84ef-fcd1-4537-9d87-53ca06358279&#8243; custom_margin=\u00bb||0px||false|false\u00bb border_color_all=\u00bbRGBA(255,255,255,0)\u00bb border_width_left=\u00bb25px\u00bb global_colors_info=\u00bb{}\u00bb]<\/p>\n<h4><span>MDR (Managed Detection and Response)<\/span><\/h4>\n<p>[\/et_pb_text][et_pb_text _builder_version=\u00bb4.27.0&#8243; _module_preset=\u00bbe5f5d388-4ffd-4bf6-a4ab-db63e373e99c\u00bb border_width_all=\u00bb25px\u00bb border_color_all=\u00bbRGBA(255,255,255,0)\u00bb global_colors_info=\u00bb{}\u00bb]<\/p>\n<p>El nostre servei MDR t&#8217;ofereix una vigil\u00e0ncia constant i una resposta immediata davant qualsevol amena\u00e7a. Els nostres analistes experts monitoritzen els teus sistemes 24\/7 per detectar qualsevol activitat sospitosa i respondre r\u00e0pidament abans que pugui causar danys.<\/p>\n<p>&nbsp;<\/p>\n<p>[\/et_pb_text][\/et_pb_column][et_pb_column type=\u00bb1_2&#8243; _builder_version=\u00bb4.19.2&#8243; _module_preset=\u00bbdefault\u00bb custom_padding_tablet=\u00bb||30px||false|false\u00bb custom_padding_phone=\u00bb||30px||false|false\u00bb custom_padding_last_edited=\u00bbon|tablet\u00bb global_colors_info=\u00bb{}\u00bb][et_pb_blurb use_icon=\u00bbon\u00bb font_icon=\u00bb&#x3d;||divi||400&#8243; _builder_version=\u00bb4.27.0&#8243; _module_preset=\u00bbd06c56f8-4b67-4a0a-a447-a85bd5c63729&#8243; custom_margin=\u00bb||0px||false|false\u00bb border_color_all=\u00bbRGBA(255,255,255,0)\u00bb border_width_left=\u00bb25px\u00bb locked=\u00bboff\u00bb global_colors_info=\u00bb{}\u00bb][\/et_pb_blurb][et_pb_text _builder_version=\u00bb4.27.0&#8243; _module_preset=\u00bb6a2a84ef-fcd1-4537-9d87-53ca06358279&#8243; custom_margin=\u00bb||0px||false|false\u00bb border_width_left=\u00bb25px\u00bb border_color_left=\u00bbRGBA(255,255,255,0)\u00bb global_colors_info=\u00bb{}\u00bb]<\/p>\n<h4><span>EDR\/XDR:<\/span><\/h4>\n<p>[\/et_pb_text][et_pb_text _builder_version=\u00bb4.27.0&#8243; _module_preset=\u00bbe5f5d388-4ffd-4bf6-a4ab-db63e373e99c\u00bb border_width_all=\u00bb25px\u00bb border_color_all=\u00bbRGBA(255,255,255,0)\u00bb global_colors_info=\u00bb{}\u00bb]<\/p>\n<p>Amb les nostres solucions EDR\/XDR, tindr\u00e0s una visibilitat completa de tots els teus dispositius. Detectarem i respondrem a les amenaces m\u00e9s avan\u00e7ades, protegint les teves dades m\u00e9s sensibles.<\/p>\n<p>&nbsp;<\/p>\n<p>[\/et_pb_text][\/et_pb_column][\/et_pb_row][et_pb_row column_structure=\u00bb1_2,1_2&#8243; _builder_version=\u00bb4.19.2&#8243; _module_preset=\u00bbdefault\u00bb locked=\u00bboff\u00bb global_colors_info=\u00bb{}\u00bb][et_pb_column type=\u00bb1_2&#8243; _builder_version=\u00bb4.19.2&#8243; _module_preset=\u00bbdefault\u00bb custom_padding_tablet=\u00bb||30px||false|false\u00bb custom_padding_phone=\u00bb||30px||false|false\u00bb custom_padding_last_edited=\u00bbon|tablet\u00bb global_colors_info=\u00bb{}\u00bb][et_pb_blurb use_icon=\u00bbon\u00bb font_icon=\u00bb&#x3d;||divi||400&#8243; _builder_version=\u00bb4.27.0&#8243; _module_preset=\u00bbd06c56f8-4b67-4a0a-a447-a85bd5c63729&#8243; custom_margin=\u00bb||0px||false|false\u00bb border_color_all=\u00bbRGBA(255,255,255,0)\u00bb border_width_left=\u00bb25px\u00bb locked=\u00bboff\u00bb global_colors_info=\u00bb{}\u00bb][\/et_pb_blurb][et_pb_text _builder_version=\u00bb4.27.0&#8243; _module_preset=\u00bb6a2a84ef-fcd1-4537-9d87-53ca06358279&#8243; custom_margin=\u00bb||0px||false|false\u00bb border_color_all=\u00bbRGBA(255,255,255,0)\u00bb border_width_left=\u00bb25px\u00bb global_colors_info=\u00bb{}\u00bb]<\/p>\n<h4><span>UTM\/NGFW<\/span><\/h4>\n<p>[\/et_pb_text][et_pb_text _builder_version=\u00bb4.27.0&#8243; _module_preset=\u00bbe5f5d388-4ffd-4bf6-a4ab-db63e373e99c\u00bb border_width_all=\u00bb25px\u00bb border_color_all=\u00bbRGBA(255,255,255,0)\u00bb global_colors_info=\u00bb{}\u00bb]<\/p>\n<p>Els nostres tallafocs de nova generaci\u00f3 t&#8217;ofereixen una protecci\u00f3 perimetral s\u00f2lida i una gesti\u00f3 centralitzada de les teves pol\u00edtiques de seguretat. Simplifica la teva infraestructura i millora l&#8217;efici\u00e8ncia.<\/p>\n<p>&nbsp;<\/p>\n<p>[\/et_pb_text][\/et_pb_column][et_pb_column type=\u00bb1_2&#8243; _builder_version=\u00bb4.19.2&#8243; _module_preset=\u00bbdefault\u00bb custom_padding_tablet=\u00bb||30px||false|false\u00bb custom_padding_phone=\u00bb||30px||false|false\u00bb custom_padding_last_edited=\u00bbon|tablet\u00bb global_colors_info=\u00bb{}\u00bb][et_pb_blurb use_icon=\u00bbon\u00bb font_icon=\u00bb&#x3d;||divi||400&#8243; _builder_version=\u00bb4.27.0&#8243; _module_preset=\u00bbd06c56f8-4b67-4a0a-a447-a85bd5c63729&#8243; custom_margin=\u00bb||0px||false|false\u00bb border_width_left=\u00bb25px\u00bb border_color_left=\u00bbRGBA(255,255,255,0)\u00bb locked=\u00bboff\u00bb global_colors_info=\u00bb{}\u00bb][\/et_pb_blurb][et_pb_text _builder_version=\u00bb4.27.0&#8243; _module_preset=\u00bb6a2a84ef-fcd1-4537-9d87-53ca06358279&#8243; custom_margin=\u00bb||0px||false|false\u00bb border_width_left=\u00bb25px\u00bb border_color_left=\u00bbRGBA(255,255,255,0)\u00bb global_colors_info=\u00bb{}\u00bb]<\/p>\n<h4><span>Otras Soluciones (SIEM, SOAR, seguridad en la nube)<\/span><\/h4>\n<p>[\/et_pb_text][et_pb_text _builder_version=\u00bb4.27.0&#8243; _module_preset=\u00bbe5f5d388-4ffd-4bf6-a4ab-db63e373e99c\u00bb border_width_all=\u00bb25px\u00bb border_color_all=\u00bbRGBA(255,255,255,0)\u00bb global_colors_info=\u00bb{}\u00bb]<\/p>\n<p>Adaptem les nostres solucions a les teves necessitats espec\u00edfiques. Comptem amb una \u00e0mplia gamma de tecnologies per garantir la seguretat del teu entorn digital.<\/p>\n<p>&nbsp;<\/p>\n<p>[\/et_pb_text][\/et_pb_column][\/et_pb_row][et_pb_row column_structure=\u00bb1_2,1_2&#8243; _builder_version=\u00bb4.27.0&#8243; _module_preset=\u00bbdefault\u00bb custom_margin=\u00bb60px||||false|false\u00bb locked=\u00bboff\u00bb global_colors_info=\u00bb{}\u00bb][et_pb_column type=\u00bb1_2&#8243; _builder_version=\u00bb4.19.2&#8243; _module_preset=\u00bbdefault\u00bb global_colors_info=\u00bb{}\u00bb][et_pb_image src=\u00bbhttps:\/\/bdrcyber.com\/wp-content\/uploads\/2024\/08\/candado-08.png\u00bb title_text=\u00bbcandado-08&#8243; _builder_version=\u00bb4.27.0&#8243; _module_preset=\u00bbdefault\u00bb width=\u00bb45%\u00bb custom_margin=\u00bb-20px|0px||120px|false|false\u00bb global_colors_info=\u00bb{}\u00bb][\/et_pb_image][\/et_pb_column][et_pb_column type=\u00bb1_2&#8243; _builder_version=\u00bb4.19.2&#8243; _module_preset=\u00bbdefault\u00bb custom_padding=\u00bb40px||||false|false\u00bb custom_padding_tablet=\u00bb0px||||false|false\u00bb custom_padding_phone=\u00bb0px||||false|false\u00bb custom_padding_last_edited=\u00bbon|desktop\u00bb global_colors_info=\u00bb{}\u00bb][et_pb_text _builder_version=\u00bb4.27.0&#8243; _module_preset=\u00bbde138968-5f8e-42e2-affb-9b32ea72c5d9&#8243; header_2_font_size=\u00bb40px\u00bb custom_margin=\u00bb||10px||false|false\u00bb global_colors_info=\u00bb{}\u00bb]<\/p>\n<h2>Solucions<\/h2>\n<p>[\/et_pb_text][et_pb_text _builder_version=\u00bb4.19.2&#8243; _module_preset=\u00bbe5f5d388-4ffd-4bf6-a4ab-db63e373e99c\u00bb global_colors_info=\u00bb{}\u00bb]<\/p>\n<p>A BDR Cyber, sabem que necessites una soluci\u00f3 de ciberseguretat que vagi m\u00e9s enll\u00e0 del b\u00e0sic. Per aix\u00f2, et oferim solucions avan\u00e7ades dissenyades per protegir la teva empresa de manera proactiva i efica\u00e7. Amb les nostres tecnologies d&#8217;\u00faltima generaci\u00f3 i el nostre equip d&#8217;experts, tindr\u00e0s la tranquil\u00b7litat de saber que les teves dades estan segures.<\/p>\n<p>[\/et_pb_text][et_pb_button button_text=\u00bbSol\u00b7licitar Servei\u00bb _builder_version=\u00bb4.27.0&#8243; _module_preset=\u00bb8f91d2ce-bd37-4895-86b7-1b12e7acbb5d\u00bb button_icon=\u00bb&#xf061;||fa||900&#8243; global_colors_info=\u00bb{}\u00bb][\/et_pb_button][\/et_pb_column][\/et_pb_row][\/et_pb_section][et_pb_section fb_built=\u00bb1&#8243; admin_label=\u00bbFAQ\u00bb _builder_version=\u00bb4.19.5&#8243; _module_preset=\u00bbdefault\u00bb background_color=\u00bbgcid-9ae412ef-a7ae-42a5-ab5b-f691fccab059&#8243; use_background_color_gradient=\u00bbon\u00bb background_color_gradient_stops=\u00bbgcid-9ae412ef-a7ae-42a5-ab5b-f691fccab059 0%|rgba(255,255,255,0) 50%|gcid-9ae412ef-a7ae-42a5-ab5b-f691fccab059 100%\u00bb background_color_gradient_overlays_image=\u00bbon\u00bb background_image=\u00bbhttps:\/\/bdrcyber.com\/wp-content\/uploads\/2024\/08\/gradient-bg-08.jpg\u00bb background_size=\u00bbinitial\u00bb background_enable_pattern_style=\u00bbon\u00bb background_pattern_style=\u00bbscallops\u00bb background_pattern_color=\u00bbrgba(0,0,0,0.5)\u00bb background_pattern_size=\u00bbcustom\u00bb background_pattern_width=\u00bb8px\u00bb saved_tabs=\u00bball\u00bb collapsed=\u00bbon\u00bb global_colors_info=\u00bb{%22gcid-9ae412ef-a7ae-42a5-ab5b-f691fccab059%22:%91%22background_color%22,%22background_color_gradient_stops%22,%22background_color%22,%22background_color_gradient_stops%22%93}\u00bb][et_pb_row custom_padding_last_edited=\u00bbon|tablet\u00bb _builder_version=\u00bb4.19.5&#8243; _module_preset=\u00bbdefault\u00bb use_background_color_gradient=\u00bbon\u00bb background_color_gradient_type=\u00bbconic\u00bb background_color_gradient_direction=\u00bb0deg\u00bb background_color_gradient_direction_radial=\u00bbbottom left\u00bb background_color_gradient_stops=\u00bbrgba(53,135,234,0.24) 2%|rgba(10,0,107,0.23) 18%|#100a26 24%|#fc6d36 37%\u00bb background_color_gradient_overlays_image=\u00bbon\u00bb background_image=\u00bbhttps:\/\/bdrcyber.com\/wp-content\/uploads\/2024\/08\/financial-technology-4b.png\u00bb background_enable_image=\u00bboff\u00bb custom_margin=\u00bb||4vw||false|false\u00bb custom_padding=\u00bb100px|80px|100px|80px|true|true\u00bb custom_padding_tablet=\u00bb40px|30px|40px|30px|true|true\u00bb custom_padding_phone=\u00bb30px|20px|30px|20px|true|true\u00bb border_radii=\u00bbon|4vw|4vw|4vw|4vw\u00bb border_width_all=\u00bb2px\u00bb border_color_all=\u00bbrgba(255,255,255,0.06)\u00bb saved_tabs=\u00bball\u00bb locked=\u00bboff\u00bb global_colors_info=\u00bb{}\u00bb][et_pb_column type=\u00bb4_4&#8243; _builder_version=\u00bb4.19.2&#8243; _module_preset=\u00bbdefault\u00bb global_colors_info=\u00bb{}\u00bb][et_pb_text _builder_version=\u00bb4.19.5&#8243; _module_preset=\u00bbde138968-5f8e-42e2-affb-9b32ea72c5d9&#8243; text_orientation=\u00bbcenter\u00bb custom_margin=\u00bb||10px||false|false\u00bb global_colors_info=\u00bb{}\u00bb]<\/p>\n<h2>Protegeix la teva empresa amb BDR Cyber<\/h2>\n<p>[\/et_pb_text][et_pb_text _builder_version=\u00bb4.27.0&#8243; _module_preset=\u00bbe5f5d388-4ffd-4bf6-a4ab-db63e373e99c\u00bb text_orientation=\u00bbcenter\u00bb border_width_right=\u00bb100px\u00bb border_color_right=\u00bbRGBA(255,255,255,0)\u00bb border_width_left=\u00bb100px\u00bb border_color_left=\u00bbRGBA(255,255,255,0)\u00bb global_colors_info=\u00bb{}\u00bb]<\/p>\n<p>Vols saber com podem ajudar-te a protegir el teu negoci? Sol\u00b7licita una avaluaci\u00f3 gratu\u00efta i descobreix com les nostres solucions avan\u00e7ades poden adaptar-se a les teves necessitats espec\u00edfiques.\u00a0<\/p>\n<p>[\/et_pb_text][et_pb_button button_text=\u00bbContractar Servei\u00bb button_alignment=\u00bbcenter\u00bb _builder_version=\u00bb4.27.0&#8243; _module_preset=\u00bbdefault\u00bb custom_button=\u00bbon\u00bb button_text_size=\u00bb16px\u00bb button_bg_color=\u00bb#e31c79&#8243; button_border_width=\u00bb8px\u00bb button_border_color=\u00bb#e31c79&#8243; button_border_radius=\u00bb100px\u00bb global_colors_info=\u00bb{}\u00bb][\/et_pb_button][\/et_pb_column][\/et_pb_row][et_pb_row column_structure=\u00bb1_2,1_2&#8243; _builder_version=\u00bb4.19.5&#8243; _module_preset=\u00bbdefault\u00bb locked=\u00bboff\u00bb global_colors_info=\u00bb{}\u00bb][et_pb_column type=\u00bb1_2&#8243; _builder_version=\u00bb4.19.2&#8243; _module_preset=\u00bbdefault\u00bb custom_padding=\u00bb40px||||false|false\u00bb custom_padding_tablet=\u00bb0px||||false|false\u00bb custom_padding_phone=\u00bb0px||||false|false\u00bb custom_padding_last_edited=\u00bbon|desktop\u00bb global_colors_info=\u00bb{}\u00bb][et_pb_text _builder_version=\u00bb4.19.5&#8243; _module_preset=\u00bbf802aba3-9278-4b86-802c-170467e9afdf\u00bb custom_margin=\u00bb||10px||false|false\u00bb global_colors_info=\u00bb{}\u00bb]<\/p>\n<h3><strong>Per qu\u00e8 Escollir BDR Cyber?<\/strong><\/h3>\n<p>[\/et_pb_text][et_pb_text _builder_version=\u00bb4.19.2&#8243; _module_preset=\u00bbe5f5d388-4ffd-4bf6-a4ab-db63e373e99c\u00bb global_colors_info=\u00bb{}\u00bb]<\/p>\n<div class=\"et_pb_module et_pb_text et_pb_text_6  et_pb_text_align_left et_pb_bg_layout_light\">\n<div class=\"et_pb_text_inner\">\n<p>Amb m\u00e9s de 26 anys d&#8217;experi\u00e8ncia, a BDR Cyber ens dediquem a oferir solucions de ciberseguretat personalitzades que asseguren la protecci\u00f3 i la continu\u00eftat del teu negoci.<\/p>\n<p>&nbsp;<\/p>\n<\/div>\n<\/div>\n<p>[\/et_pb_text][\/et_pb_column][et_pb_column type=\u00bb1_2&#8243; _builder_version=\u00bb4.19.2&#8243; _module_preset=\u00bbdefault\u00bb global_colors_info=\u00bb{}\u00bb][et_pb_blurb use_icon=\u00bbon\u00bb font_icon=\u00bb&#xf0e7;||fa||900&#8243; icon_color=\u00bb#e31c79&#8243; _builder_version=\u00bb4.27.0&#8243; _module_preset=\u00bb0aeccd86-d852-4f73-8e54-32328ea4e2e6&#8243; header_text_color=\u00bb#FFFFFF\u00bb min_height=\u00bb0px\u00bb custom_margin=\u00bb62px|||||\u00bb locked=\u00bboff\u00bb global_colors_info=\u00bb{}\u00bb]<\/p>\n<p><strong>Experts en Ciberseguretat:<\/strong> Comptem amb un equip altament qualificat i certificat en ciberseguretat per afrontar qualsevol amena\u00e7a digital.<\/p>\n<p>[\/et_pb_blurb][et_pb_blurb use_icon=\u00bbon\u00bb font_icon=\u00bb&#xf0e7;||fa||900&#8243; icon_color=\u00bb#e31c79&#8243; _builder_version=\u00bb4.27.0&#8243; _module_preset=\u00bb0aeccd86-d852-4f73-8e54-32328ea4e2e6&#8243; header_text_color=\u00bb#FFFFFF\u00bb locked=\u00bboff\u00bb global_colors_info=\u00bb{}\u00bb]<\/p>\n<p><strong>Tecnologia Avan\u00e7ada:<\/strong> Utilitzem les darreres eines d&#8217;intel\u00b7lig\u00e8ncia artificial per detectar amenaces abans que afectin el teu negoci.<\/p>\n<p>[\/et_pb_blurb][et_pb_blurb use_icon=\u00bbon\u00bb font_icon=\u00bb&#xf0e7;||fa||900&#8243; icon_color=\u00bb#e31c79&#8243; _builder_version=\u00bb4.27.0&#8243; _module_preset=\u00bb0aeccd86-d852-4f73-8e54-32328ea4e2e6&#8243; header_text_color=\u00bb#FFFFFF\u00bb locked=\u00bboff\u00bb global_colors_info=\u00bb{}\u00bb]<\/p>\n<p><strong>Protecci\u00f3 Personalitzada:<\/strong> Dissenyem solucions de ciberseguretat adaptades a les necessitats espec\u00edfiques de la teva empresa.\u00a0<\/p>\n<p>[\/et_pb_blurb][et_pb_blurb use_icon=\u00bbon\u00bb font_icon=\u00bb&#xf0e7;||fa||900&#8243; icon_color=\u00bb#e31c79&#8243; _builder_version=\u00bb4.27.0&#8243; _module_preset=\u00bb0aeccd86-d852-4f73-8e54-32328ea4e2e6&#8243; header_text_color=\u00bb#FFFFFF\u00bb locked=\u00bboff\u00bb global_colors_info=\u00bb{}\u00bb]<\/p>\n<p><strong>Monitoratge 24\/7:<\/strong> Supervisi\u00f3 constant per detectar i respondre a ciberatacs en temps real.\u00a0<\/p>\n<p>[\/et_pb_blurb][et_pb_blurb use_icon=\u00bbon\u00bb font_icon=\u00bb&#xf0e7;||fa||900&#8243; icon_color=\u00bb#e31c79&#8243; _builder_version=\u00bb4.27.0&#8243; _module_preset=\u00bb0aeccd86-d852-4f73-8e54-32328ea4e2e6&#8243; header_text_color=\u00bb#FFFFFF\u00bb locked=\u00bboff\u00bb global_colors_info=\u00bb{}\u00bb]<\/p>\n<p><strong>Compliment Normatiu Garantit:<\/strong> Assegurem que la teva empresa compleixi amb les regulacions com RGPD, NIS2 i ISO 27001, evitant sancions.\u00a0<\/p>\n<p>[\/et_pb_blurb][et_pb_button button_text=\u00bbContractar Servei\u00bb _builder_version=\u00bb4.27.0&#8243; _module_preset=\u00bb8f91d2ce-bd37-4895-86b7-1b12e7acbb5d\u00bb button_icon=\u00bb&#xf061;||fa||900&#8243; custom_padding=\u00bb11px|40px|11px|28px|true|false\u00bb locked=\u00bboff\u00bb global_colors_info=\u00bb{}\u00bb][\/et_pb_button][\/et_pb_column][\/et_pb_row][\/et_pb_section][et_pb_section fb_built=\u00bb1&#8243; admin_label=\u00bbFooter\u00bb _builder_version=\u00bb4.19.5&#8243; _module_preset=\u00bbdefault\u00bb background_color=\u00bbgcid-9ae412ef-a7ae-42a5-ab5b-f691fccab059&#8243; use_background_color_gradient=\u00bbon\u00bb background_color_gradient_stops=\u00bb#090915 0%|rgba(9,9,21,0) 70%\u00bb background_color_gradient_overlays_image=\u00bbon\u00bb background_image=\u00bbhttps:\/\/bdrcyber.com\/wp-content\/uploads\/2024\/08\/gradient-bg-05.jpg\u00bb background_size=\u00bbinitial\u00bb background_position=\u00bbbottom_center\u00bb background_enable_pattern_style=\u00bbon\u00bb background_pattern_style=\u00bbscallops\u00bb background_pattern_color=\u00bbRGBA(0,0,0,0.5)\u00bb background_pattern_size=\u00bbcustom\u00bb background_pattern_width=\u00bb8px\u00bb custom_padding=\u00bb0vw||5vw||false|false\u00bb saved_tabs=\u00bball\u00bb collapsed=\u00bbon\u00bb global_colors_info=\u00bb{%22gcid-9ae412ef-a7ae-42a5-ab5b-f691fccab059%22:%91%22background_color%22%93}\u00bb][et_pb_row column_structure=\u00bb1_4,1_4,1_4,1_4&#8243; _builder_version=\u00bb4.27.0&#8243; _module_preset=\u00bbdefault\u00bb custom_padding=\u00bb6vw||||false|false\u00bb border_color_all=\u00bbrgba(130,125,255,0.3)\u00bb border_width_top=\u00bb2px\u00bb global_colors_info=\u00bb{}\u00bb theme_builder_area=\u00bbpost_content\u00bb][et_pb_column type=\u00bb1_4&#8243; _builder_version=\u00bb4.19.2&#8243; _module_preset=\u00bbdefault\u00bb global_colors_info=\u00bb{}\u00bb theme_builder_area=\u00bbpost_content\u00bb][et_pb_image src=\u00bbhttps:\/\/bdrcyber.com\/wp-content\/uploads\/2024\/08\/LOGOTIPO_BDR_CYBER_POSITIVO.png\u00bb title_text=\u00bbLOGOTIPO_BDR_CYBER_POSITIVO\u00bb url=\u00bb@ET-DC@eyJkeW5hbWljIjp0cnVlLCJjb250ZW50IjoiaG9tZV91cmwiLCJzZXR0aW5ncyI6e319@\u00bb _builder_version=\u00bb4.27.0&#8243; _dynamic_attributes=\u00bburl\u00bb _module_preset=\u00bbdefault\u00bb global_colors_info=\u00bb{}\u00bb theme_builder_area=\u00bbpost_content\u00bb][\/et_pb_image][et_pb_text _builder_version=\u00bb4.27.0&#8243; _module_preset=\u00bb_initial\u00bb text_text_color=\u00bb#FFFFFF\u00bb text_font_size=\u00bb22px\u00bb text_line_height=\u00bb1.6em\u00bb link_text_color=\u00bb#FFFFFF\u00bb custom_margin=\u00bb||10px||false|false\u00bb header_font_size_tablet=\u00bb55px\u00bb header_font_size_last_edited=\u00bboff|desktop\u00bb locked=\u00bboff\u00bb global_colors_info=\u00bb{}\u00bb theme_builder_area=\u00bbpost_content\u00bb]<\/p>\n<p><strong>Especialistes en seguretat inform\u00e0tica.<\/strong><\/p>\n<p>[\/et_pb_text][\/et_pb_column][et_pb_column type=\u00bb1_4&#8243; _builder_version=\u00bb4.19.2&#8243; _module_preset=\u00bbdefault\u00bb global_colors_info=\u00bb{}\u00bb theme_builder_area=\u00bbpost_content\u00bb][\/et_pb_column][et_pb_column type=\u00bb1_4&#8243; _builder_version=\u00bb4.19.2&#8243; _module_preset=\u00bbdefault\u00bb global_colors_info=\u00bb{}\u00bb theme_builder_area=\u00bbpost_content\u00bb][et_pb_text _builder_version=\u00bb4.27.0&#8243; _module_preset=\u00bb_initial\u00bb text_text_color=\u00bb#FFFFFF\u00bb text_line_height=\u00bb1.6em\u00bb link_text_color=\u00bb#FFFFFF\u00bb custom_margin=\u00bb||10px||false|false\u00bb header_font_size_tablet=\u00bb55px\u00bb header_font_size_last_edited=\u00bboff|desktop\u00bb global_colors_info=\u00bb{}\u00bb theme_builder_area=\u00bbpost_content\u00bb]<\/p>\n<p>Pol\u00edtica de Privacidad<\/p>\n<p>[\/et_pb_text][et_pb_text _builder_version=\u00bb4.19.2&#8243; _module_preset=\u00bb_initial\u00bb text_text_color=\u00bb#FFFFFF\u00bb text_line_height=\u00bb1.6em\u00bb link_text_color=\u00bb#FFFFFF\u00bb custom_margin=\u00bb||10px||false|false\u00bb header_font_size_tablet=\u00bb55px\u00bb header_font_size_last_edited=\u00bboff|desktop\u00bb global_colors_info=\u00bb{}\u00bb theme_builder_area=\u00bbpost_content\u00bb]<a href=\"#\">Legal<\/a>[\/et_pb_text][\/et_pb_column][et_pb_column type=\u00bb1_4&#8243; _builder_version=\u00bb4.19.2&#8243; _module_preset=\u00bbdefault\u00bb global_colors_info=\u00bb{}\u00bb theme_builder_area=\u00bbpost_content\u00bb][et_pb_text _builder_version=\u00bb4.19.2&#8243; _module_preset=\u00bb_initial\u00bb header_font=\u00bb||||||||\u00bb header_3_font=\u00bbInter|700|||||||\u00bb header_3_text_color=\u00bb#FFFFFF\u00bb header_3_font_size=\u00bb32px\u00bb header_3_line_height=\u00bb1.4em\u00bb header_3_font_size_tablet=\u00bb20px\u00bb header_3_font_size_phone=\u00bb16px\u00bb header_3_font_size_last_edited=\u00bbon|desktop\u00bb global_colors_info=\u00bb{}\u00bb theme_builder_area=\u00bbpost_content\u00bb custom_margin=\u00bb-5px|||||\u00bb]<\/p>\n<h3>Newsletter<\/h3>\n<p>[\/et_pb_text][et_pb_signup mailchimp_list=\u00bbundefined|elegantthemestest|1ea2bbd026&#8243; layout=\u00bbtop_bottom\u00bb first_name_field=\u00bboff\u00bb last_name_field=\u00bboff\u00bb _builder_version=\u00bb4.27.0&#8243; _module_preset=\u00bb_initial\u00bb form_field_background_color=\u00bbRGBA(255,255,255,0)\u00bb form_field_text_color=\u00bb#FFFFFF\u00bb form_field_custom_padding=\u00bb12px|20px|12px|20px|true|true\u00bb form_field_font_size=\u00bb16px\u00bb form_field_line_height=\u00bb1.8em\u00bb background_enable_color=\u00bboff\u00bb use_background_color=\u00bboff\u00bb custom_button=\u00bbon\u00bb button_text_size=\u00bb16px\u00bb button_text_color=\u00bb#FFFFFF\u00bb button_bg_color=\u00bb#e31c79&#8243; button_border_width=\u00bb0px\u00bb button_border_radius=\u00bb100px\u00bb button_font=\u00bbInter|500|||||||\u00bb button_icon=\u00bb&#xf061;||fa||900&#8243; button_on_hover=\u00bboff\u00bb button_custom_padding=\u00bb12px|28px|12px|28px|true|true\u00bb form_field_font_size_tablet=\u00bb15px\u00bb form_field_font_size_phone=\u00bb14px\u00bb form_field_font_size_last_edited=\u00bbon|tablet\u00bb border_radii_fields=\u00bbon|100px|100px|100px|100px\u00bb border_width_all_fields=\u00bb1px\u00bb border_color_all_fields=\u00bb#FFFFFF\u00bb locked=\u00bboff\u00bb global_colors_info=\u00bb{}\u00bb theme_builder_area=\u00bbpost_content\u00bb][\/et_pb_signup][\/et_pb_column][\/et_pb_row][\/et_pb_section]<\/p>\n","protected":false},"excerpt":{"rendered":"<p>Les Nostres SolucionsMDR (Managed Detection and Response)El nostre servei MDR t&#8217;ofereix una vigil\u00e0ncia constant i una resposta immediata davant qualsevol amena\u00e7a. Els nostres analistes experts monitoritzen els teus sistemes 24\/7 per detectar qualsevol activitat sospitosa i respondre r\u00e0pidament abans que pugui causar danys. &nbsp;EDR\/XDR:Amb les nostres solucions EDR\/XDR, tindr\u00e0s una visibilitat completa de tots els [&hellip;]<\/p>\n","protected":false},"author":1,"featured_media":0,"parent":0,"menu_order":0,"comment_status":"closed","ping_status":"closed","template":"","meta":{"_et_pb_use_builder":"on","_et_pb_old_content":"","_et_gb_content_width":"","advanced_seo_description":"","jetpack_seo_html_title":"","jetpack_seo_noindex":false,"footnotes":""},"class_list":["post-260","page","type-page","status-publish","hentry"],"jetpack_sharing_enabled":true,"_links":{"self":[{"href":"https:\/\/bdrcyber.com\/index.php?rest_route=\/wp\/v2\/pages\/260","targetHints":{"allow":["GET"]}}],"collection":[{"href":"https:\/\/bdrcyber.com\/index.php?rest_route=\/wp\/v2\/pages"}],"about":[{"href":"https:\/\/bdrcyber.com\/index.php?rest_route=\/wp\/v2\/types\/page"}],"author":[{"embeddable":true,"href":"https:\/\/bdrcyber.com\/index.php?rest_route=\/wp\/v2\/users\/1"}],"replies":[{"embeddable":true,"href":"https:\/\/bdrcyber.com\/index.php?rest_route=%2Fwp%2Fv2%2Fcomments&post=260"}],"version-history":[{"count":3,"href":"https:\/\/bdrcyber.com\/index.php?rest_route=\/wp\/v2\/pages\/260\/revisions"}],"predecessor-version":[{"id":354,"href":"https:\/\/bdrcyber.com\/index.php?rest_route=\/wp\/v2\/pages\/260\/revisions\/354"}],"wp:attachment":[{"href":"https:\/\/bdrcyber.com\/index.php?rest_route=%2Fwp%2Fv2%2Fmedia&parent=260"}],"curies":[{"name":"wp","href":"https:\/\/api.w.org\/{rel}","templated":true}]}}