{"id":251,"date":"2024-08-30T11:20:24","date_gmt":"2024-08-30T11:20:24","guid":{"rendered":"https:\/\/bdrcyber.com\/?page_id=251"},"modified":"2024-09-04T08:38:24","modified_gmt":"2024-09-04T08:38:24","slug":"contactez-nous","status":"publish","type":"page","link":"https:\/\/bdrcyber.com\/?page_id=251&lang=fr","title":{"rendered":"Contactez-nous"},"content":{"rendered":"<p>[et_pb_section fb_built=\u00bb1&#8243; admin_label=\u00bbHeader\u00bb _builder_version=\u00bb4.19.5&#8243; _module_preset=\u00bbdefault\u00bb background_color=\u00bbgcid-9ae412ef-a7ae-42a5-ab5b-f691fccab059&#8243; use_background_color_gradient=\u00bbon\u00bb background_color_gradient_stops=\u00bbrgba(9,9,21,0) 0%|gcid-9ae412ef-a7ae-42a5-ab5b-f691fccab059 60%\u00bb background_color_gradient_overlays_image=\u00bbon\u00bb background_image=\u00bbhttps:\/\/bdrcyber.com\/wp-content\/uploads\/2024\/08\/financial-technology-29f-scaled.jpg\u00bb background_size=\u00bbinitial\u00bb background_position=\u00bbtop_center\u00bb background_enable_pattern_style=\u00bbon\u00bb background_pattern_style=\u00bbscallops\u00bb background_pattern_color=\u00bbrgba(0,0,0,0.6)\u00bb background_pattern_size=\u00bbcustom\u00bb background_pattern_width=\u00bb8px\u00bb collapsed=\u00bbon\u00bb global_colors_info=\u00bb{%22gcid-9ae412ef-a7ae-42a5-ab5b-f691fccab059%22:%91%22background_color%22,%22background_color_gradient_stops%22%93}\u00bb][et_pb_row column_structure=\u00bb2_3,1_3&#8243; _builder_version=\u00bb4.19.2&#8243; _module_preset=\u00bbdefault\u00bb custom_padding=\u00bb||0px|||\u00bb global_colors_info=\u00bb{}\u00bb][et_pb_column type=\u00bb2_3&#8243; _builder_version=\u00bb4.19.2&#8243; _module_preset=\u00bbdefault\u00bb global_colors_info=\u00bb{}\u00bb][et_pb_text _builder_version=\u00bb4.19.2&#8243; _module_preset=\u00bb4082eb28-8013-478c-bcb2-87650c088d60&#8243; custom_margin=\u00bb||10px||false|false\u00bb global_colors_info=\u00bb{}\u00bb]<\/p>\n<h1><strong>Contactez-nous<\/strong><\/h1>\n<p>[\/et_pb_text][et_pb_text _builder_version=\u00bb4.27.0&#8243; _module_preset=\u00bbb0f0fa06-c0b6-45cc-871c-143ea98dcb54&#8243; global_colors_info=\u00bb{}\u00bb]<\/p>\n<p>Contactez-nous d\u00e8s aujourd&#8217;hui pour b\u00e9n\u00e9ficier d&#8217;un leadership expert en cybers\u00e9curit\u00e9 et de v\u00e9ritables services de d\u00e9tection et de r\u00e9ponse g\u00e9r\u00e9s 24h\/24 et 7j\/7.<\/p>\n<p>&nbsp;<\/p>\n<p>[\/et_pb_text][\/et_pb_column][et_pb_column type=\u00bb1_3&#8243; _builder_version=\u00bb4.19.2&#8243; _module_preset=\u00bbdefault\u00bb global_colors_info=\u00bb{}\u00bb][et_pb_image src=\u00bbhttps:\/\/bdrcyber.com\/wp-content\/uploads\/2024\/08\/financial-technology-37.png\u00bb title_text=\u00bbfinancial-technology-37&#8243; _builder_version=\u00bb4.19.2&#8243; _module_preset=\u00bbdefault\u00bb max_height_tablet=\u00bb100px\u00bb max_height_phone=\u00bb100px\u00bb max_height_last_edited=\u00bbon|tablet\u00bb custom_margin=\u00bb|-10vw|||false|false\u00bb custom_margin_tablet=\u00bb|0vw|||false|false\u00bb custom_margin_phone=\u00bb|0vw|||false|false\u00bb custom_margin_last_edited=\u00bbon|tablet\u00bb global_colors_info=\u00bb{}\u00bb][\/et_pb_image][\/et_pb_column][\/et_pb_row][et_pb_row column_structure=\u00bb1_3,1_3,1_3&#8243; _builder_version=\u00bb4.27.0&#8243; _module_preset=\u00bbdefault\u00bb saved_tabs=\u00bball\u00bb locked=\u00bboff\u00bb global_colors_info=\u00bb{}\u00bb][et_pb_column type=\u00bb1_3&#8243; _builder_version=\u00bb4.19.2&#8243; _module_preset=\u00bbdefault\u00bb use_background_color_gradient=\u00bbon\u00bb background_color_gradient_direction=\u00bb210deg\u00bb background_color_gradient_stops=\u00bbrgba(255,255,255,0.1) 20%|rgba(255,255,255,0) 70%\u00bb custom_padding=\u00bb30px|30px|30px|30px|true|true\u00bb custom_padding_tablet=\u00bb30px|30px|30px|30px|true|true\u00bb custom_padding_phone=\u00bb20px|20px|20px|20px|true|true\u00bb custom_padding_last_edited=\u00bbon|desktop\u00bb border_radii=\u00bbon|30px|30px|30px|30px\u00bb box_shadow_style=\u00bbpreset4&#8243; box_shadow_horizontal=\u00bb50px\u00bb box_shadow_vertical=\u00bb-50px\u00bb box_shadow_blur=\u00bb80px\u00bb box_shadow_color=\u00bbrgba(9,9,21,0.35)\u00bb global_colors_info=\u00bb{}\u00bb][et_pb_blurb use_icon=\u00bbon\u00bb font_icon=\u00bb&#xe027;||divi||400&#8243; _builder_version=\u00bb4.27.0&#8243; _module_preset=\u00bb3f9190ee-2ee6-4d41-a7eb-6481a8c0908c\u00bb custom_margin=\u00bb||0px||false|false\u00bb locked=\u00bboff\u00bb global_colors_info=\u00bb{}\u00bb][\/et_pb_blurb][et_pb_text _builder_version=\u00bb4.19.2&#8243; _module_preset=\u00bbd72622f3-1e0e-46b8-9318-654f0c55565b\u00bb custom_margin=\u00bb||0px||false|false\u00bb global_colors_info=\u00bb{}\u00bb]<\/p>\n<h4>Contact Support<\/h4>\n<p>[\/et_pb_text][et_pb_text _builder_version=\u00bb4.27.0&#8243; _module_preset=\u00bbb0f0fa06-c0b6-45cc-871c-143ea98dcb54&#8243; global_colors_info=\u00bb{}\u00bb]<\/p>\n<p>Contactez notre \u00e9quipe de support.<\/p>\n<p>&nbsp;<\/p>\n<p>[\/et_pb_text][et_pb_text _builder_version=\u00bb4.19.2&#8243; _module_preset=\u00bb7682f39d-2f0f-4ed4-b7f2-c959a8bd9abc\u00bb global_colors_info=\u00bb{}\u00bb]<\/p>\n<p>soporte@bdrinformatica.com<\/p>\n<p>[\/et_pb_text][\/et_pb_column][et_pb_column type=\u00bb1_3&#8243; _builder_version=\u00bb4.19.2&#8243; _module_preset=\u00bbdefault\u00bb use_background_color_gradient=\u00bbon\u00bb background_color_gradient_direction=\u00bb210deg\u00bb background_color_gradient_stops=\u00bbrgba(255,255,255,0.1) 20%|rgba(255,255,255,0) 70%\u00bb custom_padding=\u00bb30px|30px|30px|30px|true|true\u00bb custom_padding_tablet=\u00bb30px|30px|30px|30px|true|true\u00bb custom_padding_phone=\u00bb20px|20px|20px|20px|true|true\u00bb custom_padding_last_edited=\u00bbon|desktop\u00bb border_radii=\u00bbon|30px|30px|30px|30px\u00bb box_shadow_style=\u00bbpreset4&#8243; box_shadow_horizontal=\u00bb50px\u00bb box_shadow_vertical=\u00bb-50px\u00bb box_shadow_blur=\u00bb80px\u00bb box_shadow_color=\u00bbrgba(9,9,21,0.35)\u00bb global_colors_info=\u00bb{}\u00bb][et_pb_blurb use_icon=\u00bbon\u00bb font_icon=\u00bb&#xe013;||divi||400&#8243; _builder_version=\u00bb4.19.2&#8243; _module_preset=\u00bb3f9190ee-2ee6-4d41-a7eb-6481a8c0908c\u00bb custom_margin=\u00bb||0px||false|false\u00bb locked=\u00bboff\u00bb global_colors_info=\u00bb{}\u00bb][\/et_pb_blurb][et_pb_text _builder_version=\u00bb4.19.2&#8243; _module_preset=\u00bbd72622f3-1e0e-46b8-9318-654f0c55565b\u00bb custom_margin=\u00bb||0px||false|false\u00bb locked=\u00bboff\u00bb global_colors_info=\u00bb{}\u00bb]<\/p>\n<h4>Contact G\u00e9n\u00e9ral<\/h4>\n<p>[\/et_pb_text][et_pb_text _builder_version=\u00bb4.19.2&#8243; _module_preset=\u00bbb0f0fa06-c0b6-45cc-871c-143ea98dcb54&#8243; locked=\u00bboff\u00bb global_colors_info=\u00bb{}\u00bb]<\/p>\n<p>Contactez-nous et nous r\u00e9pondrons dans les plus brefs d\u00e9lais.<\/p>\n<p>[\/et_pb_text][et_pb_text _builder_version=\u00bb4.27.0&#8243; _module_preset=\u00bb7682f39d-2f0f-4ed4-b7f2-c959a8bd9abc\u00bb locked=\u00bboff\u00bb global_colors_info=\u00bb{}\u00bb]<\/p>\n<p>info@bdrinformatica.com<\/p>\n<p>[\/et_pb_text][\/et_pb_column][et_pb_column type=\u00bb1_3&#8243; _builder_version=\u00bb4.19.2&#8243; _module_preset=\u00bbdefault\u00bb use_background_color_gradient=\u00bbon\u00bb background_color_gradient_direction=\u00bb210deg\u00bb background_color_gradient_stops=\u00bbrgba(255,255,255,0.1) 20%|rgba(255,255,255,0) 70%\u00bb custom_padding=\u00bb30px|30px|30px|30px|true|true\u00bb custom_padding_tablet=\u00bb30px|30px|30px|30px|true|true\u00bb custom_padding_phone=\u00bb20px|20px|20px|20px|true|true\u00bb custom_padding_last_edited=\u00bbon|desktop\u00bb border_radii=\u00bbon|30px|30px|30px|30px\u00bb box_shadow_style=\u00bbpreset4&#8243; box_shadow_horizontal=\u00bb50px\u00bb box_shadow_vertical=\u00bb-50px\u00bb box_shadow_blur=\u00bb80px\u00bb box_shadow_color=\u00bbrgba(9,9,21,0.35)\u00bb global_colors_info=\u00bb{}\u00bb][et_pb_blurb use_icon=\u00bbon\u00bb font_icon=\u00bb&#xe007;||divi||400&#8243; _builder_version=\u00bb4.19.2&#8243; _module_preset=\u00bb3f9190ee-2ee6-4d41-a7eb-6481a8c0908c\u00bb custom_margin=\u00bb||0px||false|false\u00bb locked=\u00bboff\u00bb global_colors_info=\u00bb{}\u00bb][\/et_pb_blurb][et_pb_text _builder_version=\u00bb4.27.0&#8243; _module_preset=\u00bbd72622f3-1e0e-46b8-9318-654f0c55565b\u00bb custom_margin=\u00bb||0px||false|false\u00bb locked=\u00bboff\u00bb global_colors_info=\u00bb{}\u00bb]<\/p>\n<h4>T\u00e9l\u00e9phones<\/h4>\n<p>[\/et_pb_text][et_pb_text _builder_version=\u00bb4.19.2&#8243; _module_preset=\u00bbb0f0fa06-c0b6-45cc-871c-143ea98dcb54&#8243; locked=\u00bboff\u00bb global_colors_info=\u00bb{}\u00bb]<\/p>\n<p><span class=\"text-o-color-1\">Andorra:\u00a0(+376) 862 762<\/span><\/p>\n<p><span class=\"text-o-color-1\">Barcelona:\u00a0(+34) 932 964 802<\/span><span class=\"text-o-color-1\"><\/span><\/p>\n<p><span class=\"text-o-color-1\">Girona: (+34) 972 46 29 99<\/span><\/p>\n<p>[\/et_pb_text][\/et_pb_column][\/et_pb_row][et_pb_row custom_padding_last_edited=\u00bbon|tablet\u00bb _builder_version=\u00bb4.27.0&#8243; _module_preset=\u00bbdefault\u00bb use_background_color_gradient=\u00bbon\u00bb background_color_gradient_direction=\u00bb90deg\u00bb background_color_gradient_stops=\u00bb#f2f2ff 0%|#d7d7f4 100%\u00bb custom_margin=\u00bb60px||||false|false\u00bb custom_padding=\u00bb80px|80px|80px|80px|true|true\u00bb custom_padding_tablet=\u00bb40px|40px|40px|40px|true|true\u00bb custom_padding_phone=\u00bb30px|30px|30px|30px|true|true\u00bb border_radii=\u00bbon|4vw|4vw|4vw|4vw\u00bb locked=\u00bboff\u00bb global_colors_info=\u00bb{}\u00bb][et_pb_column type=\u00bb4_4&#8243; _builder_version=\u00bb4.19.2&#8243; _module_preset=\u00bbdefault\u00bb global_colors_info=\u00bb{}\u00bb][et_pb_contact_form email=\u00bbinfo@bdrinform\u00e1tica.com\u00bb custom_message=\u00bbMi nombre es %%Name%% y mi mensaje es el siguiente: %%Message%%\u00bb success_message=\u00bb\u00a1Votre message a \u00e9t\u00e9 envoy\u00e9 avec succ\u00e8s !\u00bb submit_button_text=\u00bbEnvoyer\u00bb _builder_version=\u00bb4.27.0&#8243; _module_preset=\u00bb742e9cd0-ed39-4d51-8f4f-1ce7f9082e34&#8243; button_icon=\u00bb&#xf061;||fa||900&#8243; locked=\u00bboff\u00bb global_colors_info=\u00bb{}\u00bb][et_pb_contact_field field_id=\u00bbName\u00bb field_title=\u00bbNom\u00bb _builder_version=\u00bb4.27.0&#8243; _module_preset=\u00bbdefault\u00bb global_colors_info=\u00bb{}\u00bb button_text_size__hover_enabled=\u00bboff\u00bb button_one_text_size__hover_enabled=\u00bboff\u00bb button_two_text_size__hover_enabled=\u00bboff\u00bb button_text_color__hover_enabled=\u00bboff\u00bb button_one_text_color__hover_enabled=\u00bboff\u00bb button_two_text_color__hover_enabled=\u00bboff\u00bb button_border_width__hover_enabled=\u00bboff\u00bb button_one_border_width__hover_enabled=\u00bboff\u00bb button_two_border_width__hover_enabled=\u00bboff\u00bb button_border_color__hover_enabled=\u00bboff\u00bb button_one_border_color__hover_enabled=\u00bboff\u00bb button_two_border_color__hover_enabled=\u00bboff\u00bb button_border_radius__hover_enabled=\u00bboff\u00bb button_one_border_radius__hover_enabled=\u00bboff\u00bb button_two_border_radius__hover_enabled=\u00bboff\u00bb button_letter_spacing__hover_enabled=\u00bboff\u00bb button_one_letter_spacing__hover_enabled=\u00bboff\u00bb button_two_letter_spacing__hover_enabled=\u00bboff\u00bb button_bg_color__hover_enabled=\u00bboff\u00bb button_one_bg_color__hover_enabled=\u00bboff\u00bb button_two_bg_color__hover_enabled=\u00bboff\u00bb][\/et_pb_contact_field][et_pb_contact_field field_id=\u00bbEmail\u00bb field_title=\u00bbAdresse E-mail\u00bb field_type=\u00bbemail\u00bb _builder_version=\u00bb4.27.0&#8243; _module_preset=\u00bbdefault\u00bb global_colors_info=\u00bb{}\u00bb button_text_size__hover_enabled=\u00bboff\u00bb button_one_text_size__hover_enabled=\u00bboff\u00bb button_two_text_size__hover_enabled=\u00bboff\u00bb button_text_color__hover_enabled=\u00bboff\u00bb button_one_text_color__hover_enabled=\u00bboff\u00bb button_two_text_color__hover_enabled=\u00bboff\u00bb button_border_width__hover_enabled=\u00bboff\u00bb button_one_border_width__hover_enabled=\u00bboff\u00bb button_two_border_width__hover_enabled=\u00bboff\u00bb button_border_color__hover_enabled=\u00bboff\u00bb button_one_border_color__hover_enabled=\u00bboff\u00bb button_two_border_color__hover_enabled=\u00bboff\u00bb button_border_radius__hover_enabled=\u00bboff\u00bb button_one_border_radius__hover_enabled=\u00bboff\u00bb button_two_border_radius__hover_enabled=\u00bboff\u00bb button_letter_spacing__hover_enabled=\u00bboff\u00bb button_one_letter_spacing__hover_enabled=\u00bboff\u00bb button_two_letter_spacing__hover_enabled=\u00bboff\u00bb button_bg_color__hover_enabled=\u00bboff\u00bb button_one_bg_color__hover_enabled=\u00bboff\u00bb button_two_bg_color__hover_enabled=\u00bboff\u00bb][\/et_pb_contact_field][et_pb_contact_field field_id=\u00bbMessage\u00bb field_title=\u00bbMessage\u00bb field_type=\u00bbtext\u00bb fullwidth_field=\u00bbon\u00bb _builder_version=\u00bb4.27.0&#8243; _module_preset=\u00bbdefault\u00bb global_colors_info=\u00bb{}\u00bb button_text_size__hover_enabled=\u00bboff\u00bb button_one_text_size__hover_enabled=\u00bboff\u00bb button_two_text_size__hover_enabled=\u00bboff\u00bb button_text_color__hover_enabled=\u00bboff\u00bb button_one_text_color__hover_enabled=\u00bboff\u00bb button_two_text_color__hover_enabled=\u00bboff\u00bb button_border_width__hover_enabled=\u00bboff\u00bb button_one_border_width__hover_enabled=\u00bboff\u00bb button_two_border_width__hover_enabled=\u00bboff\u00bb button_border_color__hover_enabled=\u00bboff\u00bb button_one_border_color__hover_enabled=\u00bboff\u00bb button_two_border_color__hover_enabled=\u00bboff\u00bb button_border_radius__hover_enabled=\u00bboff\u00bb button_one_border_radius__hover_enabled=\u00bboff\u00bb button_two_border_radius__hover_enabled=\u00bboff\u00bb button_letter_spacing__hover_enabled=\u00bboff\u00bb button_one_letter_spacing__hover_enabled=\u00bboff\u00bb button_two_letter_spacing__hover_enabled=\u00bboff\u00bb button_bg_color__hover_enabled=\u00bboff\u00bb button_one_bg_color__hover_enabled=\u00bboff\u00bb button_two_bg_color__hover_enabled=\u00bboff\u00bb][\/et_pb_contact_field][\/et_pb_contact_form][\/et_pb_column][\/et_pb_row][\/et_pb_section][et_pb_section fb_built=\u00bb1&#8243; admin_label=\u00bbFooter\u00bb _builder_version=\u00bb4.19.5&#8243; _module_preset=\u00bbdefault\u00bb background_color=\u00bbgcid-9ae412ef-a7ae-42a5-ab5b-f691fccab059&#8243; use_background_color_gradient=\u00bbon\u00bb background_color_gradient_stops=\u00bb#090915 0%|rgba(9,9,21,0) 70%\u00bb background_color_gradient_overlays_image=\u00bbon\u00bb background_image=\u00bbhttps:\/\/bdrcyber.com\/wp-content\/uploads\/2024\/08\/gradient-bg-05.jpg\u00bb background_size=\u00bbinitial\u00bb background_position=\u00bbbottom_center\u00bb background_enable_pattern_style=\u00bbon\u00bb background_pattern_style=\u00bbscallops\u00bb background_pattern_color=\u00bbRGBA(0,0,0,0.5)\u00bb background_pattern_size=\u00bbcustom\u00bb background_pattern_width=\u00bb8px\u00bb custom_padding=\u00bb8vw||5vw||false|false\u00bb saved_tabs=\u00bball\u00bb collapsed=\u00bbon\u00bb global_colors_info=\u00bb{%22gcid-9ae412ef-a7ae-42a5-ab5b-f691fccab059%22:%91%22background_color%22%93}\u00bb][et_pb_row column_structure=\u00bb1_4,1_4,1_4,1_4&#8243; _builder_version=\u00bb4.27.0&#8243; _module_preset=\u00bbdefault\u00bb custom_padding=\u00bb6vw||||false|false\u00bb border_color_all=\u00bbrgba(130,125,255,0.3)\u00bb border_width_top=\u00bb2px\u00bb global_colors_info=\u00bb{}\u00bb theme_builder_area=\u00bbpost_content\u00bb][et_pb_column type=\u00bb1_4&#8243; _builder_version=\u00bb4.19.2&#8243; _module_preset=\u00bbdefault\u00bb global_colors_info=\u00bb{}\u00bb theme_builder_area=\u00bbpost_content\u00bb][et_pb_image src=\u00bbhttps:\/\/bdrcyber.com\/wp-content\/uploads\/2024\/08\/LOGOTIPO_BDR_CYBER_POSITIVO.png\u00bb title_text=\u00bbLOGOTIPO_BDR_CYBER_POSITIVO\u00bb url=\u00bb@ET-DC@eyJkeW5hbWljIjp0cnVlLCJjb250ZW50IjoiaG9tZV91cmwiLCJzZXR0aW5ncyI6e319@\u00bb _builder_version=\u00bb4.27.0&#8243; _dynamic_attributes=\u00bburl\u00bb _module_preset=\u00bbdefault\u00bb custom_padding=\u00bb|0px||||\u00bb global_colors_info=\u00bb{}\u00bb theme_builder_area=\u00bbpost_content\u00bb][\/et_pb_image][et_pb_text _builder_version=\u00bb4.27.0&#8243; _module_preset=\u00bb_initial\u00bb text_text_color=\u00bb#FFFFFF\u00bb text_font_size=\u00bb22px\u00bb text_line_height=\u00bb1.6em\u00bb link_text_color=\u00bb#FFFFFF\u00bb custom_margin=\u00bb||10px||false|false\u00bb header_font_size_tablet=\u00bb55px\u00bb header_font_size_last_edited=\u00bboff|desktop\u00bb locked=\u00bboff\u00bb global_colors_info=\u00bb{}\u00bb theme_builder_area=\u00bbpost_content\u00bb]<\/p>\n<p><strong>Sp\u00e9cialistes de la s\u00e9curit\u00e9 informatique.<\/strong><\/p>\n<p>[\/et_pb_text][\/et_pb_column][et_pb_column type=\u00bb1_4&#8243; _builder_version=\u00bb4.19.2&#8243; _module_preset=\u00bbdefault\u00bb global_colors_info=\u00bb{}\u00bb theme_builder_area=\u00bbpost_content\u00bb][\/et_pb_column][et_pb_column type=\u00bb1_4&#8243; _builder_version=\u00bb4.19.2&#8243; _module_preset=\u00bbdefault\u00bb global_colors_info=\u00bb{}\u00bb theme_builder_area=\u00bbpost_content\u00bb][et_pb_text _builder_version=\u00bb4.27.0&#8243; _module_preset=\u00bb_initial\u00bb text_text_color=\u00bb#FFFFFF\u00bb text_line_height=\u00bb1.6em\u00bb link_text_color=\u00bb#FFFFFF\u00bb custom_margin=\u00bb||10px||false|false\u00bb header_font_size_tablet=\u00bb55px\u00bb header_font_size_last_edited=\u00bboff|desktop\u00bb global_colors_info=\u00bb{}\u00bb theme_builder_area=\u00bbpost_content\u00bb]<\/p>\n<p>Pol\u00edtica de Privacidad<\/p>\n<p>[\/et_pb_text][et_pb_text _builder_version=\u00bb4.19.2&#8243; _module_preset=\u00bb_initial\u00bb text_text_color=\u00bb#FFFFFF\u00bb text_line_height=\u00bb1.6em\u00bb link_text_color=\u00bb#FFFFFF\u00bb custom_margin=\u00bb||10px||false|false\u00bb header_font_size_tablet=\u00bb55px\u00bb header_font_size_last_edited=\u00bboff|desktop\u00bb global_colors_info=\u00bb{}\u00bb theme_builder_area=\u00bbpost_content\u00bb]<a href=\"#\">Legal<\/a>[\/et_pb_text][\/et_pb_column][et_pb_column type=\u00bb1_4&#8243; _builder_version=\u00bb4.19.2&#8243; _module_preset=\u00bbdefault\u00bb global_colors_info=\u00bb{}\u00bb theme_builder_area=\u00bbpost_content\u00bb][et_pb_text _builder_version=\u00bb4.19.2&#8243; _module_preset=\u00bb_initial\u00bb header_font=\u00bb||||||||\u00bb header_3_font=\u00bbInter|700|||||||\u00bb header_3_text_color=\u00bb#FFFFFF\u00bb header_3_font_size=\u00bb32px\u00bb header_3_line_height=\u00bb1.4em\u00bb header_3_font_size_tablet=\u00bb20px\u00bb header_3_font_size_phone=\u00bb16px\u00bb header_3_font_size_last_edited=\u00bbon|desktop\u00bb global_colors_info=\u00bb{}\u00bb theme_builder_area=\u00bbpost_content\u00bb]<\/p>\n<h3>Newsletter<\/h3>\n<p>[\/et_pb_text][et_pb_signup mailchimp_list=\u00bbundefined|elegantthemestest|1ea2bbd026&#8243; layout=\u00bbtop_bottom\u00bb first_name_field=\u00bboff\u00bb last_name_field=\u00bboff\u00bb _builder_version=\u00bb4.27.0&#8243; _module_preset=\u00bb_initial\u00bb form_field_background_color=\u00bbRGBA(255,255,255,0)\u00bb form_field_text_color=\u00bb#FFFFFF\u00bb form_field_custom_padding=\u00bb12px|20px|12px|20px|true|true\u00bb form_field_font_size=\u00bb16px\u00bb form_field_line_height=\u00bb1.8em\u00bb background_enable_color=\u00bboff\u00bb use_background_color=\u00bboff\u00bb custom_button=\u00bbon\u00bb button_text_size=\u00bb16px\u00bb button_text_color=\u00bb#FFFFFF\u00bb button_bg_color=\u00bb#e31c79&#8243; button_border_width=\u00bb0px\u00bb button_border_radius=\u00bb100px\u00bb button_font=\u00bbInter|500|||||||\u00bb button_icon=\u00bb&#xf061;||fa||900&#8243; button_on_hover=\u00bboff\u00bb button_custom_padding=\u00bb12px|28px|12px|28px|true|true\u00bb form_field_font_size_tablet=\u00bb15px\u00bb form_field_font_size_phone=\u00bb14px\u00bb form_field_font_size_last_edited=\u00bbon|tablet\u00bb border_radii_fields=\u00bbon|100px|100px|100px|100px\u00bb border_width_all_fields=\u00bb1px\u00bb border_color_all_fields=\u00bb#FFFFFF\u00bb locked=\u00bboff\u00bb global_colors_info=\u00bb{}\u00bb theme_builder_area=\u00bbpost_content\u00bb][\/et_pb_signup][\/et_pb_column][\/et_pb_row][\/et_pb_section]<\/p>\n","protected":false},"excerpt":{"rendered":"<p>Contactez-nousContactez-nous d\u00e8s aujourd&#8217;hui pour b\u00e9n\u00e9ficier d&#8217;un leadership expert en cybers\u00e9curit\u00e9 et de v\u00e9ritables services de d\u00e9tection et de r\u00e9ponse g\u00e9r\u00e9s 24h\/24 et 7j\/7. &nbsp;Contact SupportContactez notre \u00e9quipe de support. &nbsp;soporte@bdrinformatica.comContact G\u00e9n\u00e9ralContactez-nous et nous r\u00e9pondrons dans les plus brefs d\u00e9lais.info@bdrinformatica.comT\u00e9l\u00e9phonesAndorra:\u00a0(+376) 862 762 Barcelona:\u00a0(+34) 932 964 802 Girona: (+34) 972 46 29 99Sp\u00e9cialistes de la s\u00e9curit\u00e9 informatique.Pol\u00edtica [&hellip;]<\/p>\n","protected":false},"author":1,"featured_media":0,"parent":0,"menu_order":0,"comment_status":"closed","ping_status":"closed","template":"","meta":{"_et_pb_use_builder":"on","_et_pb_old_content":"","_et_gb_content_width":"","advanced_seo_description":"","jetpack_seo_html_title":"","jetpack_seo_noindex":false,"footnotes":""},"class_list":["post-251","page","type-page","status-publish","hentry"],"jetpack_sharing_enabled":true,"_links":{"self":[{"href":"https:\/\/bdrcyber.com\/index.php?rest_route=\/wp\/v2\/pages\/251","targetHints":{"allow":["GET"]}}],"collection":[{"href":"https:\/\/bdrcyber.com\/index.php?rest_route=\/wp\/v2\/pages"}],"about":[{"href":"https:\/\/bdrcyber.com\/index.php?rest_route=\/wp\/v2\/types\/page"}],"author":[{"embeddable":true,"href":"https:\/\/bdrcyber.com\/index.php?rest_route=\/wp\/v2\/users\/1"}],"replies":[{"embeddable":true,"href":"https:\/\/bdrcyber.com\/index.php?rest_route=%2Fwp%2Fv2%2Fcomments&post=251"}],"version-history":[{"count":3,"href":"https:\/\/bdrcyber.com\/index.php?rest_route=\/wp\/v2\/pages\/251\/revisions"}],"predecessor-version":[{"id":364,"href":"https:\/\/bdrcyber.com\/index.php?rest_route=\/wp\/v2\/pages\/251\/revisions\/364"}],"wp:attachment":[{"href":"https:\/\/bdrcyber.com\/index.php?rest_route=%2Fwp%2Fv2%2Fmedia&parent=251"}],"curies":[{"name":"wp","href":"https:\/\/api.w.org\/{rel}","templated":true}]}}