{"id":159,"date":"2024-08-26T13:54:45","date_gmt":"2024-08-26T13:54:45","guid":{"rendered":"https:\/\/bdrcyber.com\/?page_id=159"},"modified":"2024-08-30T11:26:09","modified_gmt":"2024-08-30T11:26:09","slug":"soluciones","status":"publish","type":"page","link":"https:\/\/bdrcyber.com\/?page_id=159","title":{"rendered":"Soluciones"},"content":{"rendered":"<p>[et_pb_section fb_built=\u00bb1&#8243; admin_label=\u00bbHeader\u00bb _builder_version=\u00bb4.19.5&#8243; _module_preset=\u00bbdefault\u00bb background_color=\u00bbgcid-9ae412ef-a7ae-42a5-ab5b-f691fccab059&#8243; use_background_color_gradient=\u00bbon\u00bb background_color_gradient_stops=\u00bbrgba(9,9,21,0) 0%|gcid-9ae412ef-a7ae-42a5-ab5b-f691fccab059 100%\u00bb background_color_gradient_overlays_image=\u00bbon\u00bb background_image=\u00bbhttps:\/\/bdrcyber.com\/wp-content\/uploads\/2024\/08\/gradient-bg-09.jpg\u00bb background_size=\u00bbcontain\u00bb background_position=\u00bbtop_center\u00bb background_enable_pattern_style=\u00bbon\u00bb background_pattern_style=\u00bbscallops\u00bb background_pattern_color=\u00bbrgba(0,0,0,0.6)\u00bb background_pattern_size=\u00bbcustom\u00bb background_pattern_width=\u00bb8px\u00bb locked=\u00bboff\u00bb collapsed=\u00bbon\u00bb global_colors_info=\u00bb{%22gcid-9ae412ef-a7ae-42a5-ab5b-f691fccab059%22:%91%22background_color%22,%22background_color_gradient_stops%22,%22background_color%22,%22background_color_gradient_stops%22,%22background_color%22,%22background_color_gradient_stops%22,%22background_color%22,%22background_color_gradient_stops%22,%22background_color%22,%22background_color_gradient_stops%22,%22background_color%22,%22background_color_gradient_stops%22%93}\u00bb][et_pb_row _builder_version=\u00bb4.19.2&#8243; _module_preset=\u00bbdefault\u00bb custom_padding=\u00bb||19px|||\u00bb global_colors_info=\u00bb{}\u00bb][et_pb_column type=\u00bb4_4&#8243; _builder_version=\u00bb4.19.2&#8243; _module_preset=\u00bbdefault\u00bb global_colors_info=\u00bb{}\u00bb][et_pb_text _builder_version=\u00bb4.27.0&#8243; _module_preset=\u00bba235f262-e061-45bb-98df-d34586c523cc\u00bb global_colors_info=\u00bb{}\u00bb]<\/p>\n<h1>Nuestras Soluciones<\/h1>\n<p>[\/et_pb_text][\/et_pb_column][\/et_pb_row][et_pb_row column_structure=\u00bb1_2,1_2&#8243; _builder_version=\u00bb4.19.2&#8243; _module_preset=\u00bbdefault\u00bb locked=\u00bboff\u00bb global_colors_info=\u00bb{}\u00bb][et_pb_column type=\u00bb1_2&#8243; _builder_version=\u00bb4.19.2&#8243; _module_preset=\u00bbdefault\u00bb custom_padding_tablet=\u00bb||30px||false|false\u00bb custom_padding_phone=\u00bb||30px||false|false\u00bb custom_padding_last_edited=\u00bbon|tablet\u00bb global_colors_info=\u00bb{}\u00bb][et_pb_blurb use_icon=\u00bbon\u00bb font_icon=\u00bb&#x3d;||divi||400&#8243; _builder_version=\u00bb4.27.0&#8243; _module_preset=\u00bbd06c56f8-4b67-4a0a-a447-a85bd5c63729&#8243; custom_margin=\u00bb||0px||false|false\u00bb border_color_all=\u00bbRGBA(255,255,255,0)\u00bb border_width_left=\u00bb25px\u00bb locked=\u00bboff\u00bb global_colors_info=\u00bb{}\u00bb][\/et_pb_blurb][et_pb_text _builder_version=\u00bb4.27.0&#8243; _module_preset=\u00bb6a2a84ef-fcd1-4537-9d87-53ca06358279&#8243; custom_margin=\u00bb||0px||false|false\u00bb border_color_all=\u00bbRGBA(255,255,255,0)\u00bb border_width_left=\u00bb25px\u00bb global_colors_info=\u00bb{}\u00bb]<\/p>\n<h4><span>MDR (Managed Detection and Response)<\/span><\/h4>\n<p>[\/et_pb_text][et_pb_text _builder_version=\u00bb4.27.0&#8243; _module_preset=\u00bbe5f5d388-4ffd-4bf6-a4ab-db63e373e99c\u00bb border_width_all=\u00bb25px\u00bb border_color_all=\u00bbRGBA(255,255,255,0)\u00bb global_colors_info=\u00bb{}\u00bb]<\/p>\n<p><span>Nuestro servicio MDR te ofrece una <\/span><span>vigilancia constante y una respuesta inmediata ante cualquier amenaza. Nuestros <\/span><span>analistas expertos monitorean tus sistemas 24\/7 para detectar cualquier actividad <\/span><span>sospechosa y responder r\u00e1pidamente antes de que cause da\u00f1<\/span><span>os<\/span><\/p>\n<p>[\/et_pb_text][\/et_pb_column][et_pb_column type=\u00bb1_2&#8243; _builder_version=\u00bb4.19.2&#8243; _module_preset=\u00bbdefault\u00bb custom_padding_tablet=\u00bb||30px||false|false\u00bb custom_padding_phone=\u00bb||30px||false|false\u00bb custom_padding_last_edited=\u00bbon|tablet\u00bb global_colors_info=\u00bb{}\u00bb][et_pb_blurb use_icon=\u00bbon\u00bb font_icon=\u00bb&#x3d;||divi||400&#8243; _builder_version=\u00bb4.27.0&#8243; _module_preset=\u00bbd06c56f8-4b67-4a0a-a447-a85bd5c63729&#8243; custom_margin=\u00bb||0px||false|false\u00bb border_color_all=\u00bbRGBA(255,255,255,0)\u00bb border_width_left=\u00bb25px\u00bb locked=\u00bboff\u00bb global_colors_info=\u00bb{}\u00bb][\/et_pb_blurb][et_pb_text _builder_version=\u00bb4.27.0&#8243; _module_preset=\u00bb6a2a84ef-fcd1-4537-9d87-53ca06358279&#8243; custom_margin=\u00bb||0px||false|false\u00bb border_width_left=\u00bb25px\u00bb border_color_left=\u00bbRGBA(255,255,255,0)\u00bb global_colors_info=\u00bb{}\u00bb]<\/p>\n<h4><span>EDR\/XDR:<\/span><\/h4>\n<p>[\/et_pb_text][et_pb_text _builder_version=\u00bb4.27.0&#8243; _module_preset=\u00bbe5f5d388-4ffd-4bf6-a4ab-db63e373e99c\u00bb border_width_all=\u00bb25px\u00bb border_color_all=\u00bbRGBA(255,255,255,0)\u00bb global_colors_info=\u00bb{}\u00bb]<\/p>\n<p><span>Con nuestras soluciones EDR\/XDR, tendr\u00e1s una visibilidad completa de <\/span><span>todos tus dispositivos. Detectaremos y responderemos a las amenazas m\u00e1s avanzadas, <\/span><span>protegiendo tus datos m\u00e1s sensibles.<\/span><\/p>\n<p>[\/et_pb_text][\/et_pb_column][\/et_pb_row][et_pb_row column_structure=\u00bb1_2,1_2&#8243; _builder_version=\u00bb4.19.2&#8243; _module_preset=\u00bbdefault\u00bb locked=\u00bboff\u00bb global_colors_info=\u00bb{}\u00bb][et_pb_column type=\u00bb1_2&#8243; _builder_version=\u00bb4.19.2&#8243; _module_preset=\u00bbdefault\u00bb custom_padding_tablet=\u00bb||30px||false|false\u00bb custom_padding_phone=\u00bb||30px||false|false\u00bb custom_padding_last_edited=\u00bbon|tablet\u00bb global_colors_info=\u00bb{}\u00bb][et_pb_blurb use_icon=\u00bbon\u00bb font_icon=\u00bb&#x3d;||divi||400&#8243; _builder_version=\u00bb4.27.0&#8243; _module_preset=\u00bbd06c56f8-4b67-4a0a-a447-a85bd5c63729&#8243; custom_margin=\u00bb||0px||false|false\u00bb border_color_all=\u00bbRGBA(255,255,255,0)\u00bb border_width_left=\u00bb25px\u00bb locked=\u00bboff\u00bb global_colors_info=\u00bb{}\u00bb][\/et_pb_blurb][et_pb_text _builder_version=\u00bb4.27.0&#8243; _module_preset=\u00bb6a2a84ef-fcd1-4537-9d87-53ca06358279&#8243; custom_margin=\u00bb||0px||false|false\u00bb border_color_all=\u00bbRGBA(255,255,255,0)\u00bb border_width_left=\u00bb25px\u00bb global_colors_info=\u00bb{}\u00bb]<\/p>\n<h4><span>UTM\/NGFW<\/span><\/h4>\n<p>[\/et_pb_text][et_pb_text _builder_version=\u00bb4.27.0&#8243; _module_preset=\u00bbe5f5d388-4ffd-4bf6-a4ab-db63e373e99c\u00bb border_width_all=\u00bb25px\u00bb border_color_all=\u00bbRGBA(255,255,255,0)\u00bb global_colors_info=\u00bb{}\u00bb]<\/p>\n<p><span>Nuestros firewalls de \u00faltima generaci\u00f3n te ofrecen una protecci\u00f3n <\/span><span>perimetral s\u00f3lida y una gesti\u00f3n centralizada de tus pol\u00edticas de seguridad. Simplifica tu <\/span><span>infraestructura y mejora tu eficiencia.<\/span><\/p>\n<p>[\/et_pb_text][\/et_pb_column][et_pb_column type=\u00bb1_2&#8243; _builder_version=\u00bb4.19.2&#8243; _module_preset=\u00bbdefault\u00bb custom_padding_tablet=\u00bb||30px||false|false\u00bb custom_padding_phone=\u00bb||30px||false|false\u00bb custom_padding_last_edited=\u00bbon|tablet\u00bb global_colors_info=\u00bb{}\u00bb][et_pb_blurb use_icon=\u00bbon\u00bb font_icon=\u00bb&#x3d;||divi||400&#8243; _builder_version=\u00bb4.27.0&#8243; _module_preset=\u00bbd06c56f8-4b67-4a0a-a447-a85bd5c63729&#8243; custom_margin=\u00bb||0px||false|false\u00bb border_width_left=\u00bb25px\u00bb border_color_left=\u00bbRGBA(255,255,255,0)\u00bb locked=\u00bboff\u00bb global_colors_info=\u00bb{}\u00bb][\/et_pb_blurb][et_pb_text _builder_version=\u00bb4.27.0&#8243; _module_preset=\u00bb6a2a84ef-fcd1-4537-9d87-53ca06358279&#8243; custom_margin=\u00bb||0px||false|false\u00bb border_width_left=\u00bb25px\u00bb border_color_left=\u00bbRGBA(255,255,255,0)\u00bb global_colors_info=\u00bb{}\u00bb]<\/p>\n<h4><span>Otras Soluciones (SIEM, SOAR, seguridad en la nube)<\/span><\/h4>\n<p>[\/et_pb_text][et_pb_text _builder_version=\u00bb4.27.0&#8243; _module_preset=\u00bbe5f5d388-4ffd-4bf6-a4ab-db63e373e99c\u00bb border_width_all=\u00bb25px\u00bb border_color_all=\u00bbRGBA(255,255,255,0)\u00bb global_colors_info=\u00bb{}\u00bb]<\/p>\n<p><span>Adaptamos nuestras <\/span><span>soluciones a tus necesidades espec\u00edficas. Contamos con una amplia gama de <\/span><span>tecnolog\u00edas para garantizar la seguridad de tu entorno digital.<\/span><\/p>\n<p>[\/et_pb_text][\/et_pb_column][\/et_pb_row][et_pb_row column_structure=\u00bb1_2,1_2&#8243; _builder_version=\u00bb4.27.0&#8243; _module_preset=\u00bbdefault\u00bb custom_margin=\u00bb60px||||false|false\u00bb locked=\u00bboff\u00bb global_colors_info=\u00bb{}\u00bb][et_pb_column type=\u00bb1_2&#8243; _builder_version=\u00bb4.19.2&#8243; _module_preset=\u00bbdefault\u00bb global_colors_info=\u00bb{}\u00bb][et_pb_image src=\u00bbhttps:\/\/bdrcyber.com\/wp-content\/uploads\/2024\/08\/candado-08.png\u00bb title_text=\u00bbcandado-08&#8243; _builder_version=\u00bb4.27.0&#8243; _module_preset=\u00bbdefault\u00bb width=\u00bb45%\u00bb custom_margin=\u00bb-20px|0px||120px|false|false\u00bb global_colors_info=\u00bb{}\u00bb][\/et_pb_image][\/et_pb_column][et_pb_column type=\u00bb1_2&#8243; _builder_version=\u00bb4.19.2&#8243; _module_preset=\u00bbdefault\u00bb custom_padding=\u00bb40px||||false|false\u00bb custom_padding_tablet=\u00bb0px||||false|false\u00bb custom_padding_phone=\u00bb0px||||false|false\u00bb custom_padding_last_edited=\u00bbon|desktop\u00bb global_colors_info=\u00bb{}\u00bb][et_pb_text _builder_version=\u00bb4.27.0&#8243; _module_preset=\u00bbde138968-5f8e-42e2-affb-9b32ea72c5d9&#8243; header_2_font_size=\u00bb40px\u00bb custom_margin=\u00bb||10px||false|false\u00bb global_colors_info=\u00bb{}\u00bb]<\/p>\n<h2>Soluciones<\/h2>\n<p>[\/et_pb_text][et_pb_text _builder_version=\u00bb4.19.2&#8243; _module_preset=\u00bbe5f5d388-4ffd-4bf6-a4ab-db63e373e99c\u00bb global_colors_info=\u00bb{}\u00bb]<\/p>\n<p><span>En <\/span><span>BDR Cyber<\/span><span>, sabemos que necesitas una soluci\u00f3n de ciberseguridad que vaya m\u00e1s all\u00e1 de lo <\/span><span>b\u00e1sico. Por eso, te ofrecemos <\/span><span>soluciones avanzadas<\/span><span>dise\u00f1adas para proteger tu empresa de <\/span><span>manera proactiva y eficaz. Con nuestras tecnolog\u00edas de \u00faltima generaci\u00f3n y nuestro equipo de <\/span><span>expertos, tendr\u00e1s la tranquilidad de saber que tus datos est\u00e1n seguros<\/span><\/p>\n<p>[\/et_pb_text][et_pb_button button_text=\u00bbSolicitar Servicio\u00bb _builder_version=\u00bb4.27.0&#8243; _module_preset=\u00bb8f91d2ce-bd37-4895-86b7-1b12e7acbb5d\u00bb button_icon=\u00bb&#xf061;||fa||900&#8243; global_colors_info=\u00bb{}\u00bb][\/et_pb_button][\/et_pb_column][\/et_pb_row][\/et_pb_section][et_pb_section fb_built=\u00bb1&#8243; admin_label=\u00bbFAQ\u00bb _builder_version=\u00bb4.19.5&#8243; _module_preset=\u00bbdefault\u00bb background_color=\u00bbgcid-9ae412ef-a7ae-42a5-ab5b-f691fccab059&#8243; use_background_color_gradient=\u00bbon\u00bb background_color_gradient_stops=\u00bbgcid-9ae412ef-a7ae-42a5-ab5b-f691fccab059 0%|rgba(255,255,255,0) 50%|gcid-9ae412ef-a7ae-42a5-ab5b-f691fccab059 100%\u00bb background_color_gradient_overlays_image=\u00bbon\u00bb background_image=\u00bbhttps:\/\/bdrcyber.com\/wp-content\/uploads\/2024\/08\/gradient-bg-08.jpg\u00bb background_size=\u00bbinitial\u00bb background_enable_pattern_style=\u00bbon\u00bb background_pattern_style=\u00bbscallops\u00bb background_pattern_color=\u00bbrgba(0,0,0,0.5)\u00bb background_pattern_size=\u00bbcustom\u00bb background_pattern_width=\u00bb8px\u00bb saved_tabs=\u00bball\u00bb collapsed=\u00bbon\u00bb global_colors_info=\u00bb{%22gcid-9ae412ef-a7ae-42a5-ab5b-f691fccab059%22:%91%22background_color%22,%22background_color_gradient_stops%22,%22background_color%22,%22background_color_gradient_stops%22%93}\u00bb][et_pb_row custom_padding_last_edited=\u00bbon|tablet\u00bb _builder_version=\u00bb4.19.5&#8243; _module_preset=\u00bbdefault\u00bb use_background_color_gradient=\u00bbon\u00bb background_color_gradient_type=\u00bbconic\u00bb background_color_gradient_direction=\u00bb0deg\u00bb background_color_gradient_direction_radial=\u00bbbottom left\u00bb background_color_gradient_stops=\u00bbrgba(53,135,234,0.24) 2%|rgba(10,0,107,0.23) 18%|#100a26 24%|#fc6d36 37%\u00bb background_color_gradient_overlays_image=\u00bbon\u00bb background_image=\u00bbhttps:\/\/bdrcyber.com\/wp-content\/uploads\/2024\/08\/financial-technology-4b.png\u00bb background_enable_image=\u00bboff\u00bb custom_margin=\u00bb||4vw||false|false\u00bb custom_padding=\u00bb100px|80px|100px|80px|true|true\u00bb custom_padding_tablet=\u00bb40px|30px|40px|30px|true|true\u00bb custom_padding_phone=\u00bb30px|20px|30px|20px|true|true\u00bb border_radii=\u00bbon|4vw|4vw|4vw|4vw\u00bb border_width_all=\u00bb2px\u00bb border_color_all=\u00bbrgba(255,255,255,0.06)\u00bb saved_tabs=\u00bball\u00bb locked=\u00bboff\u00bb global_colors_info=\u00bb{}\u00bb][et_pb_column type=\u00bb4_4&#8243; _builder_version=\u00bb4.19.2&#8243; _module_preset=\u00bbdefault\u00bb global_colors_info=\u00bb{}\u00bb][et_pb_text _builder_version=\u00bb4.19.5&#8243; _module_preset=\u00bbde138968-5f8e-42e2-affb-9b32ea72c5d9&#8243; text_orientation=\u00bbcenter\u00bb custom_margin=\u00bb||10px||false|false\u00bb global_colors_info=\u00bb{}\u00bb]<\/p>\n<h2>Protege tu empresa con BDR Cyber<\/h2>\n<p>[\/et_pb_text][et_pb_text _builder_version=\u00bb4.27.0&#8243; _module_preset=\u00bbe5f5d388-4ffd-4bf6-a4ab-db63e373e99c\u00bb text_orientation=\u00bbcenter\u00bb border_width_right=\u00bb100px\u00bb border_color_right=\u00bbRGBA(255,255,255,0)\u00bb border_width_left=\u00bb100px\u00bb border_color_left=\u00bbRGBA(255,255,255,0)\u00bb global_colors_info=\u00bb{}\u00bb]<\/p>\n<p><span>\u00bfQuieres saber c\u00f3mo podemos ayudarte a proteger tu negocio? <\/span><span>Solicita una evaluaci\u00f3n <\/span><span>gratuita y descubre c\u00f3mo nuestras soluciones avanzadas pueden adaptarse a tus necesidades <\/span><span>espec\u00edficas.<\/span><\/p>\n<p>[\/et_pb_text][et_pb_button button_text=\u00bbContratar Servicio\u00bb button_alignment=\u00bbcenter\u00bb _builder_version=\u00bb4.27.0&#8243; _module_preset=\u00bbdefault\u00bb custom_button=\u00bbon\u00bb button_text_size=\u00bb16px\u00bb button_bg_color=\u00bb#e31c79&#8243; button_border_width=\u00bb8px\u00bb button_border_color=\u00bb#e31c79&#8243; button_border_radius=\u00bb100px\u00bb global_colors_info=\u00bb{}\u00bb][\/et_pb_button][\/et_pb_column][\/et_pb_row][et_pb_row column_structure=\u00bb1_2,1_2&#8243; _builder_version=\u00bb4.19.5&#8243; _module_preset=\u00bbdefault\u00bb locked=\u00bboff\u00bb global_colors_info=\u00bb{}\u00bb][et_pb_column type=\u00bb1_2&#8243; _builder_version=\u00bb4.19.2&#8243; _module_preset=\u00bbdefault\u00bb custom_padding=\u00bb40px||||false|false\u00bb custom_padding_tablet=\u00bb0px||||false|false\u00bb custom_padding_phone=\u00bb0px||||false|false\u00bb custom_padding_last_edited=\u00bbon|desktop\u00bb global_colors_info=\u00bb{}\u00bb][et_pb_text _builder_version=\u00bb4.19.5&#8243; _module_preset=\u00bbf802aba3-9278-4b86-802c-170467e9afdf\u00bb custom_margin=\u00bb||10px||false|false\u00bb global_colors_info=\u00bb{}\u00bb]<\/p>\n<h3>\u00bf<strong>Por qu\u00e9 Elegir BDR Cyber?<\/strong><\/h3>\n<p>[\/et_pb_text][et_pb_text _builder_version=\u00bb4.19.2&#8243; _module_preset=\u00bbe5f5d388-4ffd-4bf6-a4ab-db63e373e99c\u00bb global_colors_info=\u00bb{}\u00bb]<\/p>\n<div class=\"et_pb_module et_pb_text et_pb_text_6  et_pb_text_align_left et_pb_bg_layout_light\">\n<div class=\"et_pb_text_inner\">\n<p>Con m\u00e1s de 26 a\u00f1os de experiencia, en BDR Cyber nos dedicamos a ofrecer soluciones de ciberseguridad personalizadas que aseguran la protecci\u00f3n y continuidad de tu negocio.\u00a0<\/p>\n<\/div>\n<\/div>\n<p>[\/et_pb_text][\/et_pb_column][et_pb_column type=\u00bb1_2&#8243; _builder_version=\u00bb4.19.2&#8243; _module_preset=\u00bbdefault\u00bb global_colors_info=\u00bb{}\u00bb][et_pb_blurb use_icon=\u00bbon\u00bb font_icon=\u00bb&#xf0e7;||fa||900&#8243; icon_color=\u00bb#e31c79&#8243; _builder_version=\u00bb4.27.0&#8243; _module_preset=\u00bb0aeccd86-d852-4f73-8e54-32328ea4e2e6&#8243; header_text_color=\u00bb#FFFFFF\u00bb min_height=\u00bb0px\u00bb custom_margin=\u00bb62px|||||\u00bb locked=\u00bboff\u00bb global_colors_info=\u00bb{}\u00bb]<\/p>\n<p><strong>Expertos en Ciberseguridad: <\/strong>Contamos con un equipo altamente calificado y certificado en ciberseguridad para enfrentar cualquier amenaza digital.<\/p>\n<p>[\/et_pb_blurb][et_pb_blurb use_icon=\u00bbon\u00bb font_icon=\u00bb&#xf0e7;||fa||900&#8243; icon_color=\u00bb#e31c79&#8243; _builder_version=\u00bb4.27.0&#8243; _module_preset=\u00bb0aeccd86-d852-4f73-8e54-32328ea4e2e6&#8243; header_text_color=\u00bb#FFFFFF\u00bb locked=\u00bboff\u00bb global_colors_info=\u00bb{}\u00bb]<\/p>\n<p><strong>Tecnolog\u00eda Avanzada<\/strong>: Utilizamos las \u00faltimas herramientas de inteligencia artificial para detectar amenazas antes de que afecten a tu negocio.<\/p>\n<p>[\/et_pb_blurb][et_pb_blurb use_icon=\u00bbon\u00bb font_icon=\u00bb&#xf0e7;||fa||900&#8243; icon_color=\u00bb#e31c79&#8243; _builder_version=\u00bb4.27.0&#8243; _module_preset=\u00bb0aeccd86-d852-4f73-8e54-32328ea4e2e6&#8243; header_text_color=\u00bb#FFFFFF\u00bb locked=\u00bboff\u00bb global_colors_info=\u00bb{}\u00bb]<\/p>\n<p><strong>Protecci\u00f3n Personalizada<\/strong>: Dise\u00f1amos soluciones de ciberseguridad adaptadas a las necesidades espec\u00edficas de tu empresa.<\/p>\n<p>[\/et_pb_blurb][et_pb_blurb use_icon=\u00bbon\u00bb font_icon=\u00bb&#xf0e7;||fa||900&#8243; icon_color=\u00bb#e31c79&#8243; _builder_version=\u00bb4.27.0&#8243; _module_preset=\u00bb0aeccd86-d852-4f73-8e54-32328ea4e2e6&#8243; header_text_color=\u00bb#FFFFFF\u00bb locked=\u00bboff\u00bb global_colors_info=\u00bb{}\u00bb]<\/p>\n<p><strong>Monitoreo 24\/7<\/strong>: Supervisi\u00f3n constante para detectar y responder a ciberataques en tiempo real.<\/p>\n<p>[\/et_pb_blurb][et_pb_blurb use_icon=\u00bbon\u00bb font_icon=\u00bb&#xf0e7;||fa||900&#8243; icon_color=\u00bb#e31c79&#8243; _builder_version=\u00bb4.27.0&#8243; _module_preset=\u00bb0aeccd86-d852-4f73-8e54-32328ea4e2e6&#8243; header_text_color=\u00bb#FFFFFF\u00bb locked=\u00bboff\u00bb global_colors_info=\u00bb{}\u00bb]<\/p>\n<p><strong>Cumplimiento Normativo Garantizado<\/strong>: Aseguramos que tu empresa cumpla con regulaciones como RGPD, NIS2 e ISO 27001, evitando sanciones.<\/p>\n<p>&nbsp;<\/p>\n<p>[\/et_pb_blurb][et_pb_button button_text=\u00bbContratar servicio\u00bb _builder_version=\u00bb4.27.0&#8243; _module_preset=\u00bb8f91d2ce-bd37-4895-86b7-1b12e7acbb5d\u00bb button_icon=\u00bb&#xf061;||fa||900&#8243; custom_padding=\u00bb11px|40px|11px|28px|true|false\u00bb locked=\u00bboff\u00bb global_colors_info=\u00bb{}\u00bb][\/et_pb_button][\/et_pb_column][\/et_pb_row][\/et_pb_section][et_pb_section fb_built=\u00bb1&#8243; admin_label=\u00bbFooter\u00bb _builder_version=\u00bb4.19.5&#8243; _module_preset=\u00bbdefault\u00bb background_color=\u00bbgcid-9ae412ef-a7ae-42a5-ab5b-f691fccab059&#8243; use_background_color_gradient=\u00bbon\u00bb background_color_gradient_stops=\u00bb#090915 0%|rgba(9,9,21,0) 70%\u00bb background_color_gradient_overlays_image=\u00bbon\u00bb background_image=\u00bbhttps:\/\/bdrcyber.com\/wp-content\/uploads\/2024\/08\/gradient-bg-05.jpg\u00bb background_size=\u00bbinitial\u00bb background_position=\u00bbbottom_center\u00bb background_enable_pattern_style=\u00bbon\u00bb background_pattern_style=\u00bbscallops\u00bb background_pattern_color=\u00bbRGBA(0,0,0,0.5)\u00bb background_pattern_size=\u00bbcustom\u00bb background_pattern_width=\u00bb8px\u00bb custom_padding=\u00bb0vw||5vw||false|false\u00bb saved_tabs=\u00bball\u00bb collapsed=\u00bbon\u00bb global_colors_info=\u00bb{%22gcid-9ae412ef-a7ae-42a5-ab5b-f691fccab059%22:%91%22background_color%22%93}\u00bb][et_pb_row column_structure=\u00bb1_4,1_4,1_4,1_4&#8243; _builder_version=\u00bb4.19.5&#8243; _module_preset=\u00bbdefault\u00bb custom_padding=\u00bb6vw||||false|false\u00bb border_color_all=\u00bbrgba(130,125,255,0.3)\u00bb border_width_top=\u00bb2px\u00bb global_colors_info=\u00bb{}\u00bb][et_pb_column type=\u00bb1_4&#8243; _builder_version=\u00bb4.19.2&#8243; _module_preset=\u00bbdefault\u00bb global_colors_info=\u00bb{}\u00bb][et_pb_image src=\u00bbhttps:\/\/bdrcyber.com\/wp-content\/uploads\/2024\/08\/LOGOTIPO_BDR_CYBER_POSITIVO.png\u00bb title_text=\u00bbLOGOTIPO_BDR_CYBER_POSITIVO\u00bb url=\u00bb@ET-DC@eyJkeW5hbWljIjp0cnVlLCJjb250ZW50IjoiaG9tZV91cmwiLCJzZXR0aW5ncyI6e319@\u00bb _builder_version=\u00bb4.27.0&#8243; _dynamic_attributes=\u00bburl\u00bb _module_preset=\u00bbdefault\u00bb global_colors_info=\u00bb{}\u00bb][\/et_pb_image][et_pb_text _builder_version=\u00bb4.19.5&#8243; _module_preset=\u00bbf9d8c59c-7ab8-47b5-ad7e-7051c46a674f\u00bb link_text_color=\u00bb#FFFFFF\u00bb custom_margin=\u00bb||10px||false|false\u00bb locked=\u00bboff\u00bb global_colors_info=\u00bb{}\u00bb]<\/p>\n<p><span style=\"font-size: large;\"><strong>Especialistas en seguridad inform\u00e1tica.<\/strong><\/span><\/p>\n<p>[\/et_pb_text][\/et_pb_column][et_pb_column type=\u00bb1_4&#8243; _builder_version=\u00bb4.19.2&#8243; _module_preset=\u00bbdefault\u00bb global_colors_info=\u00bb{}\u00bb][et_pb_text _builder_version=\u00bb4.19.2&#8243; _module_preset=\u00bbf9d8c59c-7ab8-47b5-ad7e-7051c46a674f\u00bb link_text_color=\u00bb#FFFFFF\u00bb custom_margin=\u00bb||10px||false|false\u00bb global_colors_info=\u00bb{}\u00bb]<a href=\"#\">Company and Team<\/a>[\/et_pb_text][et_pb_text _builder_version=\u00bb4.19.2&#8243; _module_preset=\u00bbf9d8c59c-7ab8-47b5-ad7e-7051c46a674f\u00bb link_text_color=\u00bb#FFFFFF\u00bb custom_margin=\u00bb||10px||false|false\u00bb global_colors_info=\u00bb{}\u00bb]<a href=\"#\">News and Blog<\/a>[\/et_pb_text][et_pb_text _builder_version=\u00bb4.19.2&#8243; _module_preset=\u00bbf9d8c59c-7ab8-47b5-ad7e-7051c46a674f\u00bb link_text_color=\u00bb#FFFFFF\u00bb custom_margin=\u00bb||10px||false|false\u00bb global_colors_info=\u00bb{}\u00bb]<a href=\"#\">Press<\/a>[\/et_pb_text][et_pb_text _builder_version=\u00bb4.19.2&#8243; _module_preset=\u00bbf9d8c59c-7ab8-47b5-ad7e-7051c46a674f\u00bb link_text_color=\u00bb#FFFFFF\u00bb custom_margin=\u00bb||10px||false|false\u00bb global_colors_info=\u00bb{}\u00bb]<a href=\"#\">Careers<\/a>[\/et_pb_text][et_pb_text _builder_version=\u00bb4.19.2&#8243; _module_preset=\u00bbf9d8c59c-7ab8-47b5-ad7e-7051c46a674f\u00bb link_text_color=\u00bb#FFFFFF\u00bb custom_margin=\u00bb||10px||false|false\u00bb global_colors_info=\u00bb{}\u00bb]<a href=\"#\">Affiliates and Partnerships<\/a>[\/et_pb_text][et_pb_text _builder_version=\u00bb4.19.2&#8243; _module_preset=\u00bbf9d8c59c-7ab8-47b5-ad7e-7051c46a674f\u00bb link_text_color=\u00bb#FFFFFF\u00bb custom_margin=\u00bb||10px||false|false\u00bb global_colors_info=\u00bb{}\u00bb]<a href=\"#\">Investor Relations<\/a>[\/et_pb_text][\/et_pb_column][et_pb_column type=\u00bb1_4&#8243; _builder_version=\u00bb4.19.2&#8243; _module_preset=\u00bbdefault\u00bb global_colors_info=\u00bb{}\u00bb][et_pb_text _builder_version=\u00bb4.19.5&#8243; _module_preset=\u00bbf9d8c59c-7ab8-47b5-ad7e-7051c46a674f\u00bb link_text_color=\u00bb#FFFFFF\u00bb custom_margin=\u00bb||10px||false|false\u00bb global_colors_info=\u00bb{}\u00bb]<a href=\"#\">Help Center<\/a>[\/et_pb_text][et_pb_text _builder_version=\u00bb4.19.2&#8243; _module_preset=\u00bbf9d8c59c-7ab8-47b5-ad7e-7051c46a674f\u00bb link_text_color=\u00bb#FFFFFF\u00bb custom_margin=\u00bb||10px||false|false\u00bb global_colors_info=\u00bb{}\u00bb]<a href=\"#\">Market Rates<\/a>[\/et_pb_text][et_pb_text _builder_version=\u00bb4.19.2&#8243; _module_preset=\u00bbf9d8c59c-7ab8-47b5-ad7e-7051c46a674f\u00bb link_text_color=\u00bb#FFFFFF\u00bb custom_margin=\u00bb||10px||false|false\u00bb global_colors_info=\u00bb{}\u00bb]<a href=\"#\">Service Status<\/a>[\/et_pb_text][et_pb_text _builder_version=\u00bb4.19.2&#8243; _module_preset=\u00bbf9d8c59c-7ab8-47b5-ad7e-7051c46a674f\u00bb link_text_color=\u00bb#FFFFFF\u00bb custom_margin=\u00bb||10px||false|false\u00bb global_colors_info=\u00bb{}\u00bb]<a href=\"#\">Legal<\/a>[\/et_pb_text][\/et_pb_column][et_pb_column type=\u00bb1_4&#8243; _builder_version=\u00bb4.19.2&#8243; _module_preset=\u00bbdefault\u00bb global_colors_info=\u00bb{}\u00bb][et_pb_text _builder_version=\u00bb4.19.2&#8243; _module_preset=\u00bbf802aba3-9278-4b86-802c-170467e9afdf\u00bb global_colors_info=\u00bb{}\u00bb]<\/p>\n<h3>Newsletter<\/h3>\n<p>[\/et_pb_text][et_pb_signup mailchimp_list=\u00bbundefined|elegantthemestest|1ea2bbd026&#8243; first_name_field=\u00bboff\u00bb last_name_field=\u00bboff\u00bb success_message=\u00bb\u00a1Enviado con \u00e9xito!\u00bb _builder_version=\u00bb4.27.0&#8243; _module_preset=\u00bb30a57c3d-1800-4477-85e6-d137e7aadb8c\u00bb button_icon=\u00bb&#xf061;||fa||900&#8243; locked=\u00bboff\u00bb global_colors_info=\u00bb{}\u00bb][\/et_pb_signup][\/et_pb_column][\/et_pb_row][\/et_pb_section]<\/p>\n","protected":false},"excerpt":{"rendered":"<p>Nuestras SolucionesMDR (Managed Detection and Response)Nuestro servicio MDR te ofrece una vigilancia constante y una respuesta inmediata ante cualquier amenaza. Nuestros analistas expertos monitorean tus sistemas 24\/7 para detectar cualquier actividad sospechosa y responder r\u00e1pidamente antes de que cause da\u00f1osEDR\/XDR:Con nuestras soluciones EDR\/XDR, tendr\u00e1s una visibilidad completa de todos tus dispositivos. Detectaremos y responderemos a [&hellip;]<\/p>\n","protected":false},"author":1,"featured_media":0,"parent":0,"menu_order":0,"comment_status":"closed","ping_status":"closed","template":"","meta":{"_et_pb_use_builder":"on","_et_pb_old_content":"","_et_gb_content_width":"","advanced_seo_description":"","jetpack_seo_html_title":"","jetpack_seo_noindex":false,"footnotes":""},"class_list":["post-159","page","type-page","status-publish","hentry"],"jetpack_sharing_enabled":true,"_links":{"self":[{"href":"https:\/\/bdrcyber.com\/index.php?rest_route=\/wp\/v2\/pages\/159","targetHints":{"allow":["GET"]}}],"collection":[{"href":"https:\/\/bdrcyber.com\/index.php?rest_route=\/wp\/v2\/pages"}],"about":[{"href":"https:\/\/bdrcyber.com\/index.php?rest_route=\/wp\/v2\/types\/page"}],"author":[{"embeddable":true,"href":"https:\/\/bdrcyber.com\/index.php?rest_route=\/wp\/v2\/users\/1"}],"replies":[{"embeddable":true,"href":"https:\/\/bdrcyber.com\/index.php?rest_route=%2Fwp%2Fv2%2Fcomments&post=159"}],"version-history":[{"count":18,"href":"https:\/\/bdrcyber.com\/index.php?rest_route=\/wp\/v2\/pages\/159\/revisions"}],"predecessor-version":[{"id":255,"href":"https:\/\/bdrcyber.com\/index.php?rest_route=\/wp\/v2\/pages\/159\/revisions\/255"}],"wp:attachment":[{"href":"https:\/\/bdrcyber.com\/index.php?rest_route=%2Fwp%2Fv2%2Fmedia&parent=159"}],"curies":[{"name":"wp","href":"https:\/\/api.w.org\/{rel}","templated":true}]}}